{"id":4052,"date":"2025-09-02T14:12:35","date_gmt":"2025-09-02T12:12:35","guid":{"rendered":"https:\/\/sparkassenstiftungen-ka.de\/jugendstiftung\/?page_id=4052"},"modified":"2025-09-03T10:41:51","modified_gmt":"2025-09-03T08:41:51","slug":"sing-bach","status":"publish","type":"page","link":"https:\/\/sparkassenstiftungen-ka.de\/jugendstiftung\/formular\/sing-bach\/","title":{"rendered":"Sing Bach 2026"},"content":{"rendered":"\n<h2 class=\"wp-block-heading\">Das Projekt \u201eSing Bach\u201c<\/h2>\n\n\n\n<p>Zum 13. Mal erm\u00f6glicht die Jugendstiftung der Sparkasse Karlsruhe 3. Klassen, an dem Projekt \u201eSing Bach\u201c teilzunehmen. So k\u00f6nnen die Sch\u00fcler:innen die Welt der klassischen Musik in kindgerechter Form erleben und kennenlernen.<br>Unter der Leitung von Friedhilde Tr\u00fc\u00fcn, einer der bekanntesten Vokalp\u00e4dagoginnen in Baden-W\u00fcrttemberg, erlernen sie in einer Projektwoche ca. 10 Lieder, \u00fcberwiegend von Johann Sebastian Bach. <\/p>\n\n\n\n<p>Der kr\u00f6nende Abschluss ist ein gemeinsames Konzert in der Evangelischen Stadtkirche am Marktplatz in Karlsruhe.<\/p>\n\n\n\n<p>Unter der Leitung von Friedhilde Tr\u00fc\u00fcn und begleitet von einem Jazzensemble tragen die rund 220 Sch\u00fcler:innen die einstudierten Lieder in einem gro\u00dfen Chor gemeinsam vor.<\/p>\n\n\n\n<h3 class=\"wp-block-heading\">Die Ziele des Projekts sind:<\/h3>\n\n\n\n<ul class=\"wp-block-list\">\n<li>die kreativ-spielerische Stimmbildung<\/li>\n\n\n\n<li>die F\u00f6rderung des Singens und Chorgesanges<\/li>\n\n\n\n<li>die Hinf\u00fchrung zur klassischen Musik<\/li>\n\n\n\n<li>das Erlebnis eines gro\u00dfartigen gemeinsamen Konzertes<\/li>\n\n\n\n<li>die Zusammenarbeit von Sch\u00fcler:innen verschiedener Grundschulen<\/li>\n\n\n\n<li>die nachhaltige Wirkung f\u00fcr die weitere musikalische Bildung<\/li>\n<\/ul>\n\n\n\n<h2 class=\"wp-block-heading\">Die Projektwoche \u201eSing Bach\u201c 2026<\/h2>\n\n\n\n<p><strong>Termin: 6. \u2013 10. Juli 2026<\/strong><br><strong>Klassenstufe: 3. Klassen <\/strong>aus verschiedenen Grundschulen im Gesch\u00e4ftsgebiet der Sparkasse Karlsruhe (ca. 220 Sch\u00fcler:innen)<br><strong>Ort: <\/strong>an <strong>zwei <\/strong>der teilnehmenden Schulen<\/p>\n\n\n\n<p>Der Gesangsunterricht in der Projektwoche findet an zwei Schulen statt. Die Kinder der anderen Schulen besuchen ihre jeweilige Partnerschule.<\/p>\n\n\n\n<h3 class=\"wp-block-heading\">Abschlusskonzert:<\/h3>\n\n\n\n<p><strong>Freitag, 10. Juli 2026, 17:00 Uhr<\/strong> <strong>in der Evangelischen Stadtkirche<\/strong> <strong>am Marktplatz in Karlsruhe<\/strong><\/p>\n\n\n\n<h2 class=\"wp-block-heading\">Voraussetzungen f\u00fcr die Teilnahme<\/h2>\n\n\n\n<p>Damit dieses umfangreiche Projekt mit ca. 220 Sch\u00fcler:innen gelingt, ist eine differenzierte Planung sowie die Mitverantwortung jeder teilnehmenden Schule erforderlich.<\/p>\n\n\n\n<p>Aus diesem Grund ist die Teilnahme an folgende Voraussetzungen gekn\u00fcpft:<\/p>\n\n\n\n<ul class=\"wp-block-list\">\n<li>Die Gesamtverantwortung muss bei der jeweiligen Schulleitung liegen<\/li>\n\n\n\n<li>An jeder Schule soll eine Lehrkraft als Koordinator:in benannt werden<\/li>\n\n\n\n<li>Die Mitarbeit und Unterst\u00fctzung durch das Kollegium m\u00fcssen gew\u00e4hrleistet sein<\/li>\n<\/ul>\n\n\n\n<p>Insbesondere muss die tatkr\u00e4ftige Mitarbeit durch die Eltern der beteiligten Klassen gew\u00e4hrleistet sein (beim Auf- und Abbau f\u00fcr das Konzert, ebenso bei der Aufsicht w\u00e4hrend des Konzertes)<\/p>\n\n\n\n<ul class=\"wp-block-list\">\n<li>Im Rahmen des Projekts und des Konzerts werden Fotos und Filmaufnahmen gefertigt. Die Schule stellt sicher, dass von allen Kindern die am Projekt\/Konzert teilnehmen eine Datenschutzerkl\u00e4rung vorliegt, die die Einwilligung erteilt, dass die Bilder und Videos unentgeltlich im Internet oder in anderen Medien ver\u00f6ffentlicht werden d\u00fcrfen.<\/li>\n\n\n\n<li>Die Fahrtkosten zum Probenort m\u00fcssen durch die Schule\/den F\u00f6rderverein gedeckt sein. Die Fahrtkosten zur Stadtkirche mit dem \u00d6PNV in Form von Gruppen-Tages-Tickets am Konzerttag werden gegen Beleg von der Jugendstiftung erstattet.<\/li>\n<\/ul>\n\n\n\n<h2 class=\"wp-block-heading\">Wie geht es weiter? <\/h2>\n\n\n\n<p>Sie werden sp\u00e4testens im Januar von der Jugendstiftung R\u00fcckmeldung erhalten, ob Sie und Ihre Schule bei \u201eSing Bach\u201c 2026 dabei sein werden. Alle weiteren Informationen erhalten Sie dann per Mail. Bei R\u00fcckfragen wenden Sie sich gerne per Mail an: stiftungen@spk-ka.de<\/p>\n\n\n\n<a class=\"gb-button gb-button-0a01503b gb-button-bf648c3a\" href=\"https:\/\/sparkassenstiftungen-ka.de\/jugendstiftung\/formular\/sing-bach-bewerbung\/\"><span class=\"gb-icon\"><svg aria-hidden=\"true\" role=\"img\" height=\"1em\" width=\"1em\" viewBox=\"0 0 256 512\" xmlns=\"http:\/\/www.w3.org\/2000\/svg\"><path fill=\"currentColor\" d=\"M224.3 273l-136 136c-9.4 9.4-24.6 9.4-33.9 0l-22.6-22.6c-9.4-9.4-9.4-24.6 0-33.9l96.4-96.4-96.4-96.4c-9.4-9.4-9.4-24.6 0-33.9L54.3 103c9.4-9.4 24.6-9.4 33.9 0l136 136c9.5 9.4 9.5 24.6.1 34z\"><\/path><\/svg><\/span><span class=\"gb-button-text\">Zur Bewerbung<\/span><\/a>\n","protected":false},"excerpt":{"rendered":"<p>Das Projekt \u201eSing Bach\u201c Zum 13. Mal erm\u00f6glicht die Jugendstiftung der Sparkasse Karlsruhe 3. Klassen, an dem Projekt \u201eSing Bach\u201c teilzunehmen. So k\u00f6nnen die Sch\u00fcler:innen &#8230; <a title=\"Sing Bach 2026\" class=\"read-more\" href=\"https:\/\/sparkassenstiftungen-ka.de\/jugendstiftung\/formular\/sing-bach\/\" aria-label=\"Mehr Informationen \u00fcber Sing Bach 2026\">Weiterlesen &#8230;<\/a><\/p>\n","protected":false},"author":2,"featured_media":0,"parent":4023,"menu_order":0,"comment_status":"closed","ping_status":"closed","template":"","meta":{"footnotes":""},"class_list":["post-4052","page","type-page","status-publish"],"_links":{"self":[{"href":"https:\/\/sparkassenstiftungen-ka.de\/jugendstiftung\/wp-json\/wp\/v2\/pages\/4052","targetHints":{"allow":["GET"]}}],"collection":[{"href":"https:\/\/sparkassenstiftungen-ka.de\/jugendstiftung\/wp-json\/wp\/v2\/pages"}],"about":[{"href":"https:\/\/sparkassenstiftungen-ka.de\/jugendstiftung\/wp-json\/wp\/v2\/types\/page"}],"author":[{"embeddable":true,"href":"https:\/\/sparkassenstiftungen-ka.de\/jugendstiftung\/wp-json\/wp\/v2\/users\/2"}],"replies":[{"embeddable":true,"href":"https:\/\/sparkassenstiftungen-ka.de\/jugendstiftung\/wp-json\/wp\/v2\/comments?post=4052"}],"version-history":[{"count":3,"href":"https:\/\/sparkassenstiftungen-ka.de\/jugendstiftung\/wp-json\/wp\/v2\/pages\/4052\/revisions"}],"predecessor-version":[{"id":4076,"href":"https:\/\/sparkassenstiftungen-ka.de\/jugendstiftung\/wp-json\/wp\/v2\/pages\/4052\/revisions\/4076"}],"up":[{"embeddable":true,"href":"https:\/\/sparkassenstiftungen-ka.de\/jugendstiftung\/wp-json\/wp\/v2\/pages\/4023"}],"wp:attachment":[{"href":"https:\/\/sparkassenstiftungen-ka.de\/jugendstiftung\/wp-json\/wp\/v2\/media?parent=4052"}],"curies":[{"name":"wp","href":"https:\/\/api.w.org\/{rel}","templated":true}]}}