{"id":3306,"date":"2023-10-19T13:50:46","date_gmt":"2023-10-19T11:50:46","guid":{"rendered":"https:\/\/sparkassenstiftungen-ka.de\/jugendstiftung\/?page_id=3306"},"modified":"2023-10-19T13:50:46","modified_gmt":"2023-10-19T11:50:46","slug":"schreibwettbewerb","status":"publish","type":"page","link":"https:\/\/sparkassenstiftungen-ka.de\/jugendstiftung\/kreativitaet-und-musik\/schreibwettbewerb\/","title":{"rendered":"Schreibwettbewerb"},"content":{"rendered":"\n<h2 class=\"gb-headline gb-headline-260cbf02 gb-headline-text\">Schreibwettbewerb<\/h2>\n\n\n\n<div class=\"gb-grid-wrapper gb-grid-wrapper-9dc591a5 gb-query-loop-wrapper\">\n<div class=\"gb-grid-column gb-grid-column-55d15109 gb-query-loop-item post-4196 post type-post status-publish format-standard has-post-thumbnail hentry category-schreibwettbewerb\"><div class=\"gb-container gb-container-55d15109\">\n<figure class=\"gb-block-image gb-block-image-d592533d\"><a href=\"https:\/\/sparkassenstiftungen-ka.de\/jugendstiftung\/kreativitaet-musik\/schreibwettbewerb\/lust-am-schreiben-2025-preistraegerveranstaltung\/\"><img loading=\"lazy\" decoding=\"async\" width=\"1200\" height=\"700\" src=\"https:\/\/sparkassenstiftungen-ka.de\/jugendstiftung\/wp-content\/uploads\/sites\/2\/2025\/11\/Preisverleihung-Schreibwettbewerb-2025-02.webp\" class=\"gb-image-d592533d\" alt=\"Lust am Schreiben? 2025 \u2013 Preistr\u00e4gerveranstaltung\" srcset=\"https:\/\/sparkassenstiftungen-ka.de\/jugendstiftung\/wp-content\/uploads\/sites\/2\/2025\/11\/Preisverleihung-Schreibwettbewerb-2025-02.webp 1200w, https:\/\/sparkassenstiftungen-ka.de\/jugendstiftung\/wp-content\/uploads\/sites\/2\/2025\/11\/Preisverleihung-Schreibwettbewerb-2025-02-300x175.webp 300w, https:\/\/sparkassenstiftungen-ka.de\/jugendstiftung\/wp-content\/uploads\/sites\/2\/2025\/11\/Preisverleihung-Schreibwettbewerb-2025-02-1024x597.webp 1024w, https:\/\/sparkassenstiftungen-ka.de\/jugendstiftung\/wp-content\/uploads\/sites\/2\/2025\/11\/Preisverleihung-Schreibwettbewerb-2025-02-768x448.webp 768w\" sizes=\"auto, (max-width: 1200px) 100vw, 1200px\" \/><\/a><\/figure>\n\n<h2 class=\"gb-headline gb-headline-46b49b0c gb-headline-text\"><a href=\"https:\/\/sparkassenstiftungen-ka.de\/jugendstiftung\/kreativitaet-musik\/schreibwettbewerb\/lust-am-schreiben-2025-preistraegerveranstaltung\/\">Lust am Schreiben? 2025 \u2013 Preistr\u00e4gerveranstaltung<\/a><\/h2>\n\n<div class=\"gb-headline gb-headline-12dd70d8 gb-headline-text\">Am 13. November 2025 fand die feierliche Preistr\u00e4gerveranstaltung des 8. Schreibwettbewerbs \u201eLust am Schreiben?\u201c statt. Unter dem diesj\u00e4hrigen Thema \u201eNacht\u201c wurden wieder zahlreiche beeindruckende Texte &#8230; <a title=\"Lust am Schreiben? 2025 \u2013 Preistr\u00e4gerveranstaltung\" class=\"read-more\" href=\"https:\/\/sparkassenstiftungen-ka.de\/jugendstiftung\/kreativitaet-musik\/schreibwettbewerb\/lust-am-schreiben-2025-preistraegerveranstaltung\/\" aria-label=\"Mehr Informationen \u00fcber Lust am Schreiben? 2025 \u2013 Preistr\u00e4gerveranstaltung\">Weiterlesen &#8230;<\/a><\/div>\n<\/div><\/div>\n\n<div class=\"gb-grid-column gb-grid-column-55d15109 gb-query-loop-item post-4147 post type-post status-publish format-standard has-post-thumbnail hentry category-schreibwettbewerb\"><div class=\"gb-container gb-container-55d15109\">\n<figure class=\"gb-block-image gb-block-image-d592533d\"><a href=\"https:\/\/sparkassenstiftungen-ka.de\/jugendstiftung\/kreativitaet-musik\/schreibwettbewerb\/lust-am-schreiben-2026\/\"><img loading=\"lazy\" decoding=\"async\" width=\"1200\" height=\"651\" src=\"https:\/\/sparkassenstiftungen-ka.de\/jugendstiftung\/wp-content\/uploads\/sites\/2\/2023\/10\/schreibwettbewerb.jpg\" class=\"gb-image-d592533d\" alt=\"Lust am Schreiben! Schreibwettbewerb\" srcset=\"https:\/\/sparkassenstiftungen-ka.de\/jugendstiftung\/wp-content\/uploads\/sites\/2\/2023\/10\/schreibwettbewerb.jpg 1200w, https:\/\/sparkassenstiftungen-ka.de\/jugendstiftung\/wp-content\/uploads\/sites\/2\/2023\/10\/schreibwettbewerb-300x163.jpg 300w, https:\/\/sparkassenstiftungen-ka.de\/jugendstiftung\/wp-content\/uploads\/sites\/2\/2023\/10\/schreibwettbewerb-1024x556.jpg 1024w, https:\/\/sparkassenstiftungen-ka.de\/jugendstiftung\/wp-content\/uploads\/sites\/2\/2023\/10\/schreibwettbewerb-768x417.jpg 768w\" sizes=\"auto, (max-width: 1200px) 100vw, 1200px\" \/><\/a><\/figure>\n\n<h2 class=\"gb-headline gb-headline-46b49b0c gb-headline-text\"><a href=\"https:\/\/sparkassenstiftungen-ka.de\/jugendstiftung\/kreativitaet-musik\/schreibwettbewerb\/lust-am-schreiben-2026\/\">Lust am Schreiben? 2026 \u2013 9. Schreibwettbewerb f\u00fcr Gymnasien<\/a><\/h2>\n\n<div class=\"gb-headline gb-headline-12dd70d8 gb-headline-text\">Manchmal liegen sie dicht beieinander, manchmal trennen sie Welten: N\u00e4he &amp; Ferne. Zwei Worte, die vieles bedeuten k\u00f6nnen \u2013 und Raum f\u00fcr unz\u00e4hlige Gedanken, Gef\u00fchle &#8230; <a title=\"Lust am Schreiben? 2026 \u2013 9. Schreibwettbewerb f\u00fcr Gymnasien\" class=\"read-more\" href=\"https:\/\/sparkassenstiftungen-ka.de\/jugendstiftung\/kreativitaet-musik\/schreibwettbewerb\/lust-am-schreiben-2026\/\" aria-label=\"Mehr Informationen \u00fcber Lust am Schreiben? 2026 \u2013 9. Schreibwettbewerb f\u00fcr Gymnasien\">Weiterlesen &#8230;<\/a><\/div>\n<\/div><\/div>\n\n<div class=\"gb-grid-column gb-grid-column-55d15109 gb-query-loop-item post-3689 post type-post status-publish format-standard has-post-thumbnail hentry category-schreibwettbewerb\"><div class=\"gb-container gb-container-55d15109\">\n<figure class=\"gb-block-image gb-block-image-d592533d\"><a href=\"https:\/\/sparkassenstiftungen-ka.de\/jugendstiftung\/kreativitaet-musik\/schreibwettbewerb\/lust-am-schreiben-2025\/\"><img loading=\"lazy\" decoding=\"async\" width=\"1200\" height=\"651\" src=\"https:\/\/sparkassenstiftungen-ka.de\/jugendstiftung\/wp-content\/uploads\/sites\/2\/2023\/10\/schreibwettbewerb.jpg\" class=\"gb-image-d592533d\" alt=\"Lust am Schreiben! Schreibwettbewerb\" srcset=\"https:\/\/sparkassenstiftungen-ka.de\/jugendstiftung\/wp-content\/uploads\/sites\/2\/2023\/10\/schreibwettbewerb.jpg 1200w, https:\/\/sparkassenstiftungen-ka.de\/jugendstiftung\/wp-content\/uploads\/sites\/2\/2023\/10\/schreibwettbewerb-300x163.jpg 300w, https:\/\/sparkassenstiftungen-ka.de\/jugendstiftung\/wp-content\/uploads\/sites\/2\/2023\/10\/schreibwettbewerb-1024x556.jpg 1024w, https:\/\/sparkassenstiftungen-ka.de\/jugendstiftung\/wp-content\/uploads\/sites\/2\/2023\/10\/schreibwettbewerb-768x417.jpg 768w\" sizes=\"auto, (max-width: 1200px) 100vw, 1200px\" \/><\/a><\/figure>\n\n<h2 class=\"gb-headline gb-headline-46b49b0c gb-headline-text\"><a href=\"https:\/\/sparkassenstiftungen-ka.de\/jugendstiftung\/kreativitaet-musik\/schreibwettbewerb\/lust-am-schreiben-2025\/\">Lust am Schreiben? 2025 &#8211; 8. Schreibwettbewerb f\u00fcr Gymnasien<\/a><\/h2>\n\n<div class=\"gb-headline gb-headline-12dd70d8 gb-headline-text\">Es gibt W\u00f6rter, die so langweilig sind, dass einem wirklich nichts dazu einf\u00e4llt. Und es gibt W\u00f6rter, die spontan eine ganze Reihe von Assoziationen und &#8230; <a title=\"Lust am Schreiben? 2025 &#8211; 8. Schreibwettbewerb f\u00fcr Gymnasien\" class=\"read-more\" href=\"https:\/\/sparkassenstiftungen-ka.de\/jugendstiftung\/kreativitaet-musik\/schreibwettbewerb\/lust-am-schreiben-2025\/\" aria-label=\"Mehr Informationen \u00fcber Lust am Schreiben? 2025 &#8211; 8. Schreibwettbewerb f\u00fcr Gymnasien\">Weiterlesen &#8230;<\/a><\/div>\n<\/div><\/div>\n\n<div class=\"gb-grid-column gb-grid-column-55d15109 gb-query-loop-item post-3084 post type-post status-publish format-standard has-post-thumbnail hentry category-schreibwettbewerb\"><div class=\"gb-container gb-container-55d15109\">\n<figure class=\"gb-block-image gb-block-image-d592533d\"><a href=\"https:\/\/sparkassenstiftungen-ka.de\/jugendstiftung\/kreativitaet-musik\/schreibwettbewerb\/lust-am-schreiben-2024\/\"><img loading=\"lazy\" decoding=\"async\" width=\"1200\" height=\"700\" src=\"https:\/\/sparkassenstiftungen-ka.de\/jugendstiftung\/wp-content\/uploads\/sites\/2\/2023\/11\/lust-am-schreiben-preistraeger-2024.webp\" class=\"gb-image-d592533d\" alt=\"Lust am Schreiben! - Preistr\u00e4gerveranstaltung 2024\" srcset=\"https:\/\/sparkassenstiftungen-ka.de\/jugendstiftung\/wp-content\/uploads\/sites\/2\/2023\/11\/lust-am-schreiben-preistraeger-2024.webp 1200w, https:\/\/sparkassenstiftungen-ka.de\/jugendstiftung\/wp-content\/uploads\/sites\/2\/2023\/11\/lust-am-schreiben-preistraeger-2024-300x175.webp 300w, https:\/\/sparkassenstiftungen-ka.de\/jugendstiftung\/wp-content\/uploads\/sites\/2\/2023\/11\/lust-am-schreiben-preistraeger-2024-1024x597.webp 1024w, https:\/\/sparkassenstiftungen-ka.de\/jugendstiftung\/wp-content\/uploads\/sites\/2\/2023\/11\/lust-am-schreiben-preistraeger-2024-768x448.webp 768w\" sizes=\"auto, (max-width: 1200px) 100vw, 1200px\" \/><\/a><\/figure>\n\n<h2 class=\"gb-headline gb-headline-46b49b0c gb-headline-text\"><a href=\"https:\/\/sparkassenstiftungen-ka.de\/jugendstiftung\/kreativitaet-musik\/schreibwettbewerb\/lust-am-schreiben-2024\/\">Lust am Schreiben? 2024 &#8211; Preistr\u00e4gerveranstaltung 2024<\/a><\/h2>\n\n<div class=\"gb-headline gb-headline-12dd70d8 gb-headline-text\">\u201eMensch und Maschine\u201c war das Thema des Schreibwettbewerbs, den die Jugendstiftung und die Literarische Gesellschaft Karlsruhe zum 7. Mal ausgeschrieben haben. Einen beeindruckenden Beweis f\u00fcr &#8230; <a title=\"Lust am Schreiben? 2024 &#8211; Preistr\u00e4gerveranstaltung 2024\" class=\"read-more\" href=\"https:\/\/sparkassenstiftungen-ka.de\/jugendstiftung\/kreativitaet-musik\/schreibwettbewerb\/lust-am-schreiben-2024\/\" aria-label=\"Mehr Informationen \u00fcber Lust am Schreiben? 2024 &#8211; Preistr\u00e4gerveranstaltung 2024\">Weiterlesen &#8230;<\/a><\/div>\n<\/div><\/div>\n\n<div class=\"gb-grid-column gb-grid-column-55d15109 gb-query-loop-item post-3364 post type-post status-publish format-standard has-post-thumbnail hentry category-schreibwettbewerb\"><div class=\"gb-container gb-container-55d15109\">\n<figure class=\"gb-block-image gb-block-image-d592533d\"><a href=\"https:\/\/sparkassenstiftungen-ka.de\/jugendstiftung\/kreativitaet-musik\/schreibwettbewerb\/lust-am-schreiben-preistraegerveranstaltung-2023\/\"><img loading=\"lazy\" decoding=\"async\" width=\"1920\" height=\"1280\" src=\"https:\/\/sparkassenstiftungen-ka.de\/jugendstiftung\/wp-content\/uploads\/sites\/2\/2023\/11\/schreibwettbewerb-buch.webp\" class=\"gb-image-d592533d\" alt=\"Schreibwettbewerb\" srcset=\"https:\/\/sparkassenstiftungen-ka.de\/jugendstiftung\/wp-content\/uploads\/sites\/2\/2023\/11\/schreibwettbewerb-buch.webp 1920w, https:\/\/sparkassenstiftungen-ka.de\/jugendstiftung\/wp-content\/uploads\/sites\/2\/2023\/11\/schreibwettbewerb-buch-300x200.webp 300w, https:\/\/sparkassenstiftungen-ka.de\/jugendstiftung\/wp-content\/uploads\/sites\/2\/2023\/11\/schreibwettbewerb-buch-1024x683.webp 1024w, https:\/\/sparkassenstiftungen-ka.de\/jugendstiftung\/wp-content\/uploads\/sites\/2\/2023\/11\/schreibwettbewerb-buch-768x512.webp 768w, https:\/\/sparkassenstiftungen-ka.de\/jugendstiftung\/wp-content\/uploads\/sites\/2\/2023\/11\/schreibwettbewerb-buch-1536x1024.webp 1536w\" sizes=\"auto, (max-width: 1920px) 100vw, 1920px\" \/><\/a><\/figure>\n\n<h2 class=\"gb-headline gb-headline-46b49b0c gb-headline-text\"><a href=\"https:\/\/sparkassenstiftungen-ka.de\/jugendstiftung\/kreativitaet-musik\/schreibwettbewerb\/lust-am-schreiben-preistraegerveranstaltung-2023\/\">Lust am Schreiben! &#8211; Preistr\u00e4gerveranstaltung 2023<\/a><\/h2>\n\n<div class=\"gb-headline gb-headline-12dd70d8 gb-headline-text\">Die Preisverleihung mit Lesung am 16. November 2023 im PrinzMaxPalais bildete den H\u00f6hepunkt und Abschluss des 6. Schreibwettbewerbs \u201eLust am Schreiben?\u201c. 273 Sch\u00fclerinnen und Sch\u00fcler &#8230; <a title=\"Lust am Schreiben! &#8211; Preistr\u00e4gerveranstaltung 2023\" class=\"read-more\" href=\"https:\/\/sparkassenstiftungen-ka.de\/jugendstiftung\/kreativitaet-musik\/schreibwettbewerb\/lust-am-schreiben-preistraegerveranstaltung-2023\/\" aria-label=\"Mehr Informationen \u00fcber Lust am Schreiben! &#8211; Preistr\u00e4gerveranstaltung 2023\">Weiterlesen &#8230;<\/a><\/div>\n<\/div><\/div>\n\n<div class=\"gb-grid-column gb-grid-column-55d15109 gb-query-loop-item post-3090 post type-post status-publish format-standard has-post-thumbnail hentry category-schreibwettbewerb\"><div class=\"gb-container gb-container-55d15109\">\n<figure class=\"gb-block-image gb-block-image-d592533d\"><a href=\"https:\/\/sparkassenstiftungen-ka.de\/jugendstiftung\/kreativitaet-musik\/schreibwettbewerb\/lust-am-schreiben-preistraegerveranstaltung-2022\/\"><img loading=\"lazy\" decoding=\"async\" width=\"1200\" height=\"800\" src=\"https:\/\/sparkassenstiftungen-ka.de\/jugendstiftung\/wp-content\/uploads\/sites\/2\/2023\/10\/Lust-am-Schreiben-Preistraegerveranstaltung-2022.jpg\" class=\"gb-image-d592533d\" alt=\"Lust am Schreiben! \u2013 Preistr\u00e4gerveranstaltung 2022\" srcset=\"https:\/\/sparkassenstiftungen-ka.de\/jugendstiftung\/wp-content\/uploads\/sites\/2\/2023\/10\/Lust-am-Schreiben-Preistraegerveranstaltung-2022.jpg 1200w, https:\/\/sparkassenstiftungen-ka.de\/jugendstiftung\/wp-content\/uploads\/sites\/2\/2023\/10\/Lust-am-Schreiben-Preistraegerveranstaltung-2022-300x200.jpg 300w, https:\/\/sparkassenstiftungen-ka.de\/jugendstiftung\/wp-content\/uploads\/sites\/2\/2023\/10\/Lust-am-Schreiben-Preistraegerveranstaltung-2022-1024x683.jpg 1024w, https:\/\/sparkassenstiftungen-ka.de\/jugendstiftung\/wp-content\/uploads\/sites\/2\/2023\/10\/Lust-am-Schreiben-Preistraegerveranstaltung-2022-768x512.jpg 768w\" sizes=\"auto, (max-width: 1200px) 100vw, 1200px\" \/><\/a><\/figure>\n\n<h2 class=\"gb-headline gb-headline-46b49b0c gb-headline-text\"><a href=\"https:\/\/sparkassenstiftungen-ka.de\/jugendstiftung\/kreativitaet-musik\/schreibwettbewerb\/lust-am-schreiben-preistraegerveranstaltung-2022\/\">Lust am Schreiben! \u2013 Preistr\u00e4gerveranstaltung 2022<\/a><\/h2>\n\n<div class=\"gb-headline gb-headline-12dd70d8 gb-headline-text\">\u201eLust am Schreiben?\u201c haben wir in diesem Jahr schon zum f\u00fcnften Mal gefragt. 246 Sch\u00fcler:innen aus 21 Gymnasien haben diese Frage mit \u201eJa!\u201c beantwortet und &#8230; <a title=\"Lust am Schreiben! \u2013 Preistr\u00e4gerveranstaltung 2022\" class=\"read-more\" href=\"https:\/\/sparkassenstiftungen-ka.de\/jugendstiftung\/kreativitaet-musik\/schreibwettbewerb\/lust-am-schreiben-preistraegerveranstaltung-2022\/\" aria-label=\"Mehr Informationen \u00fcber Lust am Schreiben! \u2013 Preistr\u00e4gerveranstaltung 2022\">Weiterlesen &#8230;<\/a><\/div>\n<\/div><\/div>\n<\/div>\n","protected":false},"excerpt":{"rendered":"<p>Schreibwettbewerb<\/p>\n","protected":false},"author":2,"featured_media":3085,"parent":3293,"menu_order":0,"comment_status":"closed","ping_status":"closed","template":"","meta":{"footnotes":""},"class_list":{"0":"post-3306","1":"page","2":"type-page","3":"status-publish","4":"has-post-thumbnail","6":"resize-featured-image"},"_links":{"self":[{"href":"https:\/\/sparkassenstiftungen-ka.de\/jugendstiftung\/wp-json\/wp\/v2\/pages\/3306","targetHints":{"allow":["GET"]}}],"collection":[{"href":"https:\/\/sparkassenstiftungen-ka.de\/jugendstiftung\/wp-json\/wp\/v2\/pages"}],"about":[{"href":"https:\/\/sparkassenstiftungen-ka.de\/jugendstiftung\/wp-json\/wp\/v2\/types\/page"}],"author":[{"embeddable":true,"href":"https:\/\/sparkassenstiftungen-ka.de\/jugendstiftung\/wp-json\/wp\/v2\/users\/2"}],"replies":[{"embeddable":true,"href":"https:\/\/sparkassenstiftungen-ka.de\/jugendstiftung\/wp-json\/wp\/v2\/comments?post=3306"}],"version-history":[{"count":1,"href":"https:\/\/sparkassenstiftungen-ka.de\/jugendstiftung\/wp-json\/wp\/v2\/pages\/3306\/revisions"}],"predecessor-version":[{"id":3307,"href":"https:\/\/sparkassenstiftungen-ka.de\/jugendstiftung\/wp-json\/wp\/v2\/pages\/3306\/revisions\/3307"}],"up":[{"embeddable":true,"href":"https:\/\/sparkassenstiftungen-ka.de\/jugendstiftung\/wp-json\/wp\/v2\/pages\/3293"}],"wp:featuredmedia":[{"embeddable":true,"href":"https:\/\/sparkassenstiftungen-ka.de\/jugendstiftung\/wp-json\/wp\/v2\/media\/3085"}],"wp:attachment":[{"href":"https:\/\/sparkassenstiftungen-ka.de\/jugendstiftung\/wp-json\/wp\/v2\/media?parent=3306"}],"curies":[{"name":"wp","href":"https:\/\/api.w.org\/{rel}","templated":true}]}}