{"id":3278,"date":"2023-10-19T11:46:02","date_gmt":"2023-10-19T09:46:02","guid":{"rendered":"https:\/\/sparkassenstiftungen-ka.de\/jugendstiftung\/?page_id=3278"},"modified":"2023-10-19T12:37:45","modified_gmt":"2023-10-19T10:37:45","slug":"leichtathletik-meisterschaften","status":"publish","type":"page","link":"https:\/\/sparkassenstiftungen-ka.de\/jugendstiftung\/sportfoerderung\/leichtathletik-meisterschaften\/","title":{"rendered":"Leichtathletik-Meisterschaften"},"content":{"rendered":"\n<h2 class=\"gb-headline gb-headline-260cbf02 gb-headline-text\">Leichtathletik-Meisterschaften<\/h2>\n\n\n\n<div class=\"gb-grid-wrapper gb-grid-wrapper-9dc591a5 gb-query-loop-wrapper\">\n<div class=\"gb-grid-column gb-grid-column-55d15109 gb-query-loop-item post-4276 post type-post status-publish format-standard has-post-thumbnail hentry category-leichtathletik-meisterschaften\"><div class=\"gb-container gb-container-55d15109\">\n<figure class=\"gb-block-image gb-block-image-d592533d\"><a href=\"https:\/\/sparkassenstiftungen-ka.de\/jugendstiftung\/sportfoerderung\/leichtathletik-meisterschaften\/pokaluebergabe-37-schueler-leichtathletik-meisterschaften\/\"><img loading=\"lazy\" decoding=\"async\" width=\"1200\" height=\"700\" src=\"https:\/\/sparkassenstiftungen-ka.de\/jugendstiftung\/wp-content\/uploads\/sites\/2\/2026\/03\/pokaluebergabe-kslm-2026.webp\" class=\"gb-image-d592533d\" alt=\"\" srcset=\"https:\/\/sparkassenstiftungen-ka.de\/jugendstiftung\/wp-content\/uploads\/sites\/2\/2026\/03\/pokaluebergabe-kslm-2026.webp 1200w, https:\/\/sparkassenstiftungen-ka.de\/jugendstiftung\/wp-content\/uploads\/sites\/2\/2026\/03\/pokaluebergabe-kslm-2026-300x175.webp 300w, https:\/\/sparkassenstiftungen-ka.de\/jugendstiftung\/wp-content\/uploads\/sites\/2\/2026\/03\/pokaluebergabe-kslm-2026-1024x597.webp 1024w, https:\/\/sparkassenstiftungen-ka.de\/jugendstiftung\/wp-content\/uploads\/sites\/2\/2026\/03\/pokaluebergabe-kslm-2026-768x448.webp 768w\" sizes=\"auto, (max-width: 1200px) 100vw, 1200px\" \/><\/a><\/figure>\n\n<h2 class=\"gb-headline gb-headline-46b49b0c gb-headline-text\"><a href=\"https:\/\/sparkassenstiftungen-ka.de\/jugendstiftung\/sportfoerderung\/leichtathletik-meisterschaften\/pokaluebergabe-37-schueler-leichtathletik-meisterschaften\/\">Pokal\u00fcbergabe der 37. Sch\u00fcler-Leichtathletik-Meisterschaften<\/a><\/h2>\n\n<div class=\"gb-headline gb-headline-12dd70d8 gb-headline-text\">Mit einer feierlichen Pokal\u00fcbergabe wurden nun die erfolgreichsten Schulmannschaften der 37. Sch\u00fcler-Leichtathletik-Meisterschaften der Jugendstiftung der Sparkasse Karlsruhe ausgezeichnet. Bereits Ende Januar verwandelte sich die Europahalle &#8230; <a title=\"Pokal\u00fcbergabe der 37. Sch\u00fcler-Leichtathletik-Meisterschaften\" class=\"read-more\" href=\"https:\/\/sparkassenstiftungen-ka.de\/jugendstiftung\/sportfoerderung\/leichtathletik-meisterschaften\/pokaluebergabe-37-schueler-leichtathletik-meisterschaften\/\" aria-label=\"Mehr Informationen \u00fcber Pokal\u00fcbergabe der 37. Sch\u00fcler-Leichtathletik-Meisterschaften\">Weiterlesen &#8230;<\/a><\/div>\n<\/div><\/div>\n\n<div class=\"gb-grid-column gb-grid-column-55d15109 gb-query-loop-item post-4263 post type-post status-publish format-standard has-post-thumbnail hentry category-leichtathletik-meisterschaften\"><div class=\"gb-container gb-container-55d15109\">\n<figure class=\"gb-block-image gb-block-image-d592533d\"><a href=\"https:\/\/sparkassenstiftungen-ka.de\/jugendstiftung\/sportfoerderung\/leichtathletik-meisterschaften\/nachwuchsathletik-indoor-meeting-karlsruhe-2026\/\"><img loading=\"lazy\" decoding=\"async\" width=\"1200\" height=\"700\" src=\"https:\/\/sparkassenstiftungen-ka.de\/jugendstiftung\/wp-content\/uploads\/sites\/2\/2026\/02\/indoor-meeting-2026.webp\" class=\"gb-image-d592533d\" alt=\"Nachwuchsathletik auf gro\u00dfer B\u00fchne beim Indoor-Meeting Karlsruhe\" srcset=\"https:\/\/sparkassenstiftungen-ka.de\/jugendstiftung\/wp-content\/uploads\/sites\/2\/2026\/02\/indoor-meeting-2026.webp 1200w, https:\/\/sparkassenstiftungen-ka.de\/jugendstiftung\/wp-content\/uploads\/sites\/2\/2026\/02\/indoor-meeting-2026-300x175.webp 300w, https:\/\/sparkassenstiftungen-ka.de\/jugendstiftung\/wp-content\/uploads\/sites\/2\/2026\/02\/indoor-meeting-2026-1024x597.webp 1024w, https:\/\/sparkassenstiftungen-ka.de\/jugendstiftung\/wp-content\/uploads\/sites\/2\/2026\/02\/indoor-meeting-2026-768x448.webp 768w\" sizes=\"auto, (max-width: 1200px) 100vw, 1200px\" \/><\/a><\/figure>\n\n<h2 class=\"gb-headline gb-headline-46b49b0c gb-headline-text\"><a href=\"https:\/\/sparkassenstiftungen-ka.de\/jugendstiftung\/sportfoerderung\/leichtathletik-meisterschaften\/nachwuchsathletik-indoor-meeting-karlsruhe-2026\/\">Nachwuchsathletik auf gro\u00dfer B\u00fchne beim Indoor-Meeting Karlsruhe<\/a><\/h2>\n\n<div class=\"gb-headline gb-headline-12dd70d8 gb-headline-text\">F\u00fcr einige junge Talente der Region f\u00fchrte der sportliche Weg nach den 37. Sch\u00fcler-Leichtathletik-Meisterschaften noch ein besonderes St\u00fcck weiter. Die jeweils acht zeitschnellsten M\u00e4dchen und &#8230; <a title=\"Nachwuchsathletik auf gro\u00dfer B\u00fchne beim Indoor-Meeting Karlsruhe\" class=\"read-more\" href=\"https:\/\/sparkassenstiftungen-ka.de\/jugendstiftung\/sportfoerderung\/leichtathletik-meisterschaften\/nachwuchsathletik-indoor-meeting-karlsruhe-2026\/\" aria-label=\"Mehr Informationen \u00fcber Nachwuchsathletik auf gro\u00dfer B\u00fchne beim Indoor-Meeting Karlsruhe\">Weiterlesen &#8230;<\/a><\/div>\n<\/div><\/div>\n\n<div class=\"gb-grid-column gb-grid-column-55d15109 gb-query-loop-item post-4206 post type-post status-publish format-standard has-post-thumbnail hentry category-leichtathletik-meisterschaften\"><div class=\"gb-container gb-container-55d15109\">\n<figure class=\"gb-block-image gb-block-image-d592533d\"><a href=\"https:\/\/sparkassenstiftungen-ka.de\/jugendstiftung\/sportfoerderung\/leichtathletik-meisterschaften\/37-schueler-leichtathletik-meisterschaften-2026\/\"><img loading=\"lazy\" decoding=\"async\" width=\"1200\" height=\"700\" src=\"https:\/\/sparkassenstiftungen-ka.de\/jugendstiftung\/wp-content\/uploads\/sites\/2\/2026\/02\/kslm2026-111.webp\" class=\"gb-image-d592533d\" alt=\"Karlsruher Sch\u00fcler-Leichtathletik Meisterschaften 2026\" srcset=\"https:\/\/sparkassenstiftungen-ka.de\/jugendstiftung\/wp-content\/uploads\/sites\/2\/2026\/02\/kslm2026-111.webp 1200w, https:\/\/sparkassenstiftungen-ka.de\/jugendstiftung\/wp-content\/uploads\/sites\/2\/2026\/02\/kslm2026-111-300x175.webp 300w, https:\/\/sparkassenstiftungen-ka.de\/jugendstiftung\/wp-content\/uploads\/sites\/2\/2026\/02\/kslm2026-111-1024x597.webp 1024w, https:\/\/sparkassenstiftungen-ka.de\/jugendstiftung\/wp-content\/uploads\/sites\/2\/2026\/02\/kslm2026-111-768x448.webp 768w\" sizes=\"auto, (max-width: 1200px) 100vw, 1200px\" \/><\/a><\/figure>\n\n<h2 class=\"gb-headline gb-headline-46b49b0c gb-headline-text\"><a href=\"https:\/\/sparkassenstiftungen-ka.de\/jugendstiftung\/sportfoerderung\/leichtathletik-meisterschaften\/37-schueler-leichtathletik-meisterschaften-2026\/\">37. Sch\u00fcler-Leichtathletik-Meisterschaften 2026<\/a><\/h2>\n\n<div class=\"gb-headline gb-headline-12dd70d8 gb-headline-text\">Am 27. und 28. Januar 2026 verwandelte sich die Europahalle Karlsruhe erneut in ein Leichtathletik-Mekka f\u00fcr den Nachwuchs: \u00dcber 880 junge Athletinnen und Athleten aus &#8230; <a title=\"37. Sch\u00fcler-Leichtathletik-Meisterschaften 2026\" class=\"read-more\" href=\"https:\/\/sparkassenstiftungen-ka.de\/jugendstiftung\/sportfoerderung\/leichtathletik-meisterschaften\/37-schueler-leichtathletik-meisterschaften-2026\/\" aria-label=\"Mehr Informationen \u00fcber 37. Sch\u00fcler-Leichtathletik-Meisterschaften 2026\">Weiterlesen &#8230;<\/a><\/div>\n<\/div><\/div>\n\n<div class=\"gb-grid-column gb-grid-column-55d15109 gb-query-loop-item post-3819 post type-post status-publish format-standard has-post-thumbnail hentry category-leichtathletik-meisterschaften\"><div class=\"gb-container gb-container-55d15109\">\n<figure class=\"gb-block-image gb-block-image-d592533d\"><a href=\"https:\/\/sparkassenstiftungen-ka.de\/jugendstiftung\/sportfoerderung\/leichtathletik-meisterschaften\/pokaluebergabe-36-schueler-leichtathletik-meisterschaften\/\"><img loading=\"lazy\" decoding=\"async\" width=\"1200\" height=\"700\" src=\"https:\/\/sparkassenstiftungen-ka.de\/jugendstiftung\/wp-content\/uploads\/sites\/2\/2025\/02\/kslm-2025-titel.webp\" class=\"gb-image-d592533d\" alt=\"36. Sch\u00fcler-Leichtathletik-Meisterschaften 2025\" srcset=\"https:\/\/sparkassenstiftungen-ka.de\/jugendstiftung\/wp-content\/uploads\/sites\/2\/2025\/02\/kslm-2025-titel.webp 1200w, https:\/\/sparkassenstiftungen-ka.de\/jugendstiftung\/wp-content\/uploads\/sites\/2\/2025\/02\/kslm-2025-titel-300x175.webp 300w, https:\/\/sparkassenstiftungen-ka.de\/jugendstiftung\/wp-content\/uploads\/sites\/2\/2025\/02\/kslm-2025-titel-1024x597.webp 1024w, https:\/\/sparkassenstiftungen-ka.de\/jugendstiftung\/wp-content\/uploads\/sites\/2\/2025\/02\/kslm-2025-titel-768x448.webp 768w\" sizes=\"auto, (max-width: 1200px) 100vw, 1200px\" \/><\/a><\/figure>\n\n<h2 class=\"gb-headline gb-headline-46b49b0c gb-headline-text\"><a href=\"https:\/\/sparkassenstiftungen-ka.de\/jugendstiftung\/sportfoerderung\/leichtathletik-meisterschaften\/pokaluebergabe-36-schueler-leichtathletik-meisterschaften\/\">Pokal\u00fcbergabe der 36. Sch\u00fcler-Leichtathletik-Meisterschaften<\/a><\/h2>\n\n<div class=\"gb-headline gb-headline-12dd70d8 gb-headline-text\">Bereits zum 36. Mal wetteiferten knapp 850 Sch\u00fcler:innen bei den Sch\u00fcler-Leichtathletik-Meisterschaften der Jugendstiftung der Sparkasse Karlsruhe und der Leichtathletik-Gemeinschaft Region Karlsruhe um ihre pers\u00f6nlichen Bestleistungen &#8230; <a title=\"Pokal\u00fcbergabe der 36. Sch\u00fcler-Leichtathletik-Meisterschaften\" class=\"read-more\" href=\"https:\/\/sparkassenstiftungen-ka.de\/jugendstiftung\/sportfoerderung\/leichtathletik-meisterschaften\/pokaluebergabe-36-schueler-leichtathletik-meisterschaften\/\" aria-label=\"Mehr Informationen \u00fcber Pokal\u00fcbergabe der 36. Sch\u00fcler-Leichtathletik-Meisterschaften\">Weiterlesen &#8230;<\/a><\/div>\n<\/div><\/div>\n\n<div class=\"gb-grid-column gb-grid-column-55d15109 gb-query-loop-item post-3700 post type-post status-publish format-standard has-post-thumbnail hentry category-leichtathletik-meisterschaften\"><div class=\"gb-container gb-container-55d15109\">\n<figure class=\"gb-block-image gb-block-image-d592533d\"><a href=\"https:\/\/sparkassenstiftungen-ka.de\/jugendstiftung\/sportfoerderung\/leichtathletik-meisterschaften\/36-schueler-leichtathletik-meisterschaften-2025\/\"><img loading=\"lazy\" decoding=\"async\" width=\"1200\" height=\"700\" src=\"https:\/\/sparkassenstiftungen-ka.de\/jugendstiftung\/wp-content\/uploads\/sites\/2\/2025\/02\/kslm-2025-titel.webp\" class=\"gb-image-d592533d\" alt=\"36. Sch\u00fcler-Leichtathletik-Meisterschaften 2025\" srcset=\"https:\/\/sparkassenstiftungen-ka.de\/jugendstiftung\/wp-content\/uploads\/sites\/2\/2025\/02\/kslm-2025-titel.webp 1200w, https:\/\/sparkassenstiftungen-ka.de\/jugendstiftung\/wp-content\/uploads\/sites\/2\/2025\/02\/kslm-2025-titel-300x175.webp 300w, https:\/\/sparkassenstiftungen-ka.de\/jugendstiftung\/wp-content\/uploads\/sites\/2\/2025\/02\/kslm-2025-titel-1024x597.webp 1024w, https:\/\/sparkassenstiftungen-ka.de\/jugendstiftung\/wp-content\/uploads\/sites\/2\/2025\/02\/kslm-2025-titel-768x448.webp 768w\" sizes=\"auto, (max-width: 1200px) 100vw, 1200px\" \/><\/a><\/figure>\n\n<h2 class=\"gb-headline gb-headline-46b49b0c gb-headline-text\"><a href=\"https:\/\/sparkassenstiftungen-ka.de\/jugendstiftung\/sportfoerderung\/leichtathletik-meisterschaften\/36-schueler-leichtathletik-meisterschaften-2025\/\">36. Sch\u00fcler-Leichtathletik-Meisterschaften 2025<\/a><\/h2>\n\n<div class=\"gb-headline gb-headline-12dd70d8 gb-headline-text\">Nach \u00fcber zehn Jahren fanden am 28. und 29. Januar die Sch\u00fcler-Leichtathletik-Meisterschaften wieder in der Europahalle statt, die von der Jugendstiftung der Sparkasse Karlsruhe und &#8230; <a title=\"36. Sch\u00fcler-Leichtathletik-Meisterschaften 2025\" class=\"read-more\" href=\"https:\/\/sparkassenstiftungen-ka.de\/jugendstiftung\/sportfoerderung\/leichtathletik-meisterschaften\/36-schueler-leichtathletik-meisterschaften-2025\/\" aria-label=\"Mehr Informationen \u00fcber 36. Sch\u00fcler-Leichtathletik-Meisterschaften 2025\">Weiterlesen &#8230;<\/a><\/div>\n<\/div><\/div>\n\n<div class=\"gb-grid-column gb-grid-column-55d15109 gb-query-loop-item post-3564 post type-post status-publish format-standard has-post-thumbnail hentry category-leichtathletik-meisterschaften\"><div class=\"gb-container gb-container-55d15109\">\n<figure class=\"gb-block-image gb-block-image-d592533d\"><a href=\"https:\/\/sparkassenstiftungen-ka.de\/jugendstiftung\/sportfoerderung\/leichtathletik-meisterschaften\/pokaluebergabe-der-35-schueler-leichtathletik-meisterschaften\/\"><img loading=\"lazy\" decoding=\"async\" width=\"1200\" height=\"700\" src=\"https:\/\/sparkassenstiftungen-ka.de\/jugendstiftung\/wp-content\/uploads\/sites\/2\/2024\/06\/kslm-2024-lauf-v3.webp\" class=\"gb-image-d592533d\" alt=\"Titelbild KSLM 2024\" srcset=\"https:\/\/sparkassenstiftungen-ka.de\/jugendstiftung\/wp-content\/uploads\/sites\/2\/2024\/06\/kslm-2024-lauf-v3.webp 1200w, https:\/\/sparkassenstiftungen-ka.de\/jugendstiftung\/wp-content\/uploads\/sites\/2\/2024\/06\/kslm-2024-lauf-v3-300x175.webp 300w, https:\/\/sparkassenstiftungen-ka.de\/jugendstiftung\/wp-content\/uploads\/sites\/2\/2024\/06\/kslm-2024-lauf-v3-1024x597.webp 1024w, https:\/\/sparkassenstiftungen-ka.de\/jugendstiftung\/wp-content\/uploads\/sites\/2\/2024\/06\/kslm-2024-lauf-v3-768x448.webp 768w\" sizes=\"auto, (max-width: 1200px) 100vw, 1200px\" \/><\/a><\/figure>\n\n<h2 class=\"gb-headline gb-headline-46b49b0c gb-headline-text\"><a href=\"https:\/\/sparkassenstiftungen-ka.de\/jugendstiftung\/sportfoerderung\/leichtathletik-meisterschaften\/pokaluebergabe-der-35-schueler-leichtathletik-meisterschaften\/\">Pokal\u00fcbergabe der 35. Sch\u00fcler-Leichtathletik-Meisterschaften<\/a><\/h2>\n\n<div class=\"gb-headline gb-headline-12dd70d8 gb-headline-text\">Bereits zum 35. Mal wetteiferten Sch\u00fclerinnen und Sch\u00fcler bei den Sch\u00fcler-Leichtathletik-Meisterschaften der Jugendstiftung der Sparkasse Karlsruhe und der Leichtathletik-Gemeinschaft Region Karlsruhe um Punkte und Medaillen. &#8230; <a title=\"Pokal\u00fcbergabe der 35. Sch\u00fcler-Leichtathletik-Meisterschaften\" class=\"read-more\" href=\"https:\/\/sparkassenstiftungen-ka.de\/jugendstiftung\/sportfoerderung\/leichtathletik-meisterschaften\/pokaluebergabe-der-35-schueler-leichtathletik-meisterschaften\/\" aria-label=\"Mehr Informationen \u00fcber Pokal\u00fcbergabe der 35. Sch\u00fcler-Leichtathletik-Meisterschaften\">Weiterlesen &#8230;<\/a><\/div>\n<\/div><\/div>\n\n<div class=\"gb-grid-column gb-grid-column-55d15109 gb-query-loop-item post-3475 post type-post status-publish format-standard has-post-thumbnail hentry category-leichtathletik-meisterschaften\"><div class=\"gb-container gb-container-55d15109\">\n<figure class=\"gb-block-image gb-block-image-d592533d\"><a href=\"https:\/\/sparkassenstiftungen-ka.de\/jugendstiftung\/sportfoerderung\/leichtathletik-meisterschaften\/35-schueler-leichtathletik-meisterschaften-2024\/\"><img loading=\"lazy\" decoding=\"async\" width=\"1200\" height=\"700\" src=\"https:\/\/sparkassenstiftungen-ka.de\/jugendstiftung\/wp-content\/uploads\/sites\/2\/2024\/05\/KSLM-2024-Header.webp\" class=\"gb-image-d592533d\" alt=\"35. Sch\u00fcler-Leichtathletik-Meisterschaften 2024\" srcset=\"https:\/\/sparkassenstiftungen-ka.de\/jugendstiftung\/wp-content\/uploads\/sites\/2\/2024\/05\/KSLM-2024-Header.webp 1200w, https:\/\/sparkassenstiftungen-ka.de\/jugendstiftung\/wp-content\/uploads\/sites\/2\/2024\/05\/KSLM-2024-Header-300x175.webp 300w, https:\/\/sparkassenstiftungen-ka.de\/jugendstiftung\/wp-content\/uploads\/sites\/2\/2024\/05\/KSLM-2024-Header-1024x597.webp 1024w, https:\/\/sparkassenstiftungen-ka.de\/jugendstiftung\/wp-content\/uploads\/sites\/2\/2024\/05\/KSLM-2024-Header-768x448.webp 768w\" sizes=\"auto, (max-width: 1200px) 100vw, 1200px\" \/><\/a><\/figure>\n\n<h2 class=\"gb-headline gb-headline-46b49b0c gb-headline-text\"><a href=\"https:\/\/sparkassenstiftungen-ka.de\/jugendstiftung\/sportfoerderung\/leichtathletik-meisterschaften\/35-schueler-leichtathletik-meisterschaften-2024\/\">35. Sch\u00fcler-Leichtathletik-Meisterschaften 2024<\/a><\/h2>\n\n<div class=\"gb-headline gb-headline-12dd70d8 gb-headline-text\">Medaillen f\u00fcr die Besten Es war ein Wagnis: die Sch\u00fcler-Leichtathletik-Meisterschaften erstmals im Freien! Doch die Jugendstiftung und die Leichtathletik-Gemeinschaft Region Karlsruhe wollten die vielen hoch &#8230; <a title=\"35. Sch\u00fcler-Leichtathletik-Meisterschaften 2024\" class=\"read-more\" href=\"https:\/\/sparkassenstiftungen-ka.de\/jugendstiftung\/sportfoerderung\/leichtathletik-meisterschaften\/35-schueler-leichtathletik-meisterschaften-2024\/\" aria-label=\"Mehr Informationen \u00fcber 35. Sch\u00fcler-Leichtathletik-Meisterschaften 2024\">Weiterlesen &#8230;<\/a><\/div>\n<\/div><\/div>\n\n<div class=\"gb-grid-column gb-grid-column-55d15109 gb-query-loop-item post-2836 post type-post status-publish format-standard has-post-thumbnail hentry category-leichtathletik-meisterschaften\"><div class=\"gb-container gb-container-55d15109\">\n<figure class=\"gb-block-image gb-block-image-d592533d\"><a href=\"https:\/\/sparkassenstiftungen-ka.de\/jugendstiftung\/sportfoerderung\/leichtathletik-meisterschaften\/pokaluebergabe-der-34-schueler-leichtathletik-meisterschaften\/\"><img loading=\"lazy\" decoding=\"async\" width=\"1200\" height=\"795\" src=\"https:\/\/sparkassenstiftungen-ka.de\/jugendstiftung\/wp-content\/uploads\/sites\/2\/2023\/10\/kslm-2023-1-Otto-Hahn-Gymnasium.jpg\" class=\"gb-image-d592533d\" alt=\"Pokal\u00fcbergabe der 34. Sch\u00fcler-Leichtathletik-Meisterschaften\" srcset=\"https:\/\/sparkassenstiftungen-ka.de\/jugendstiftung\/wp-content\/uploads\/sites\/2\/2023\/10\/kslm-2023-1-Otto-Hahn-Gymnasium.jpg 1200w, https:\/\/sparkassenstiftungen-ka.de\/jugendstiftung\/wp-content\/uploads\/sites\/2\/2023\/10\/kslm-2023-1-Otto-Hahn-Gymnasium-300x199.jpg 300w, https:\/\/sparkassenstiftungen-ka.de\/jugendstiftung\/wp-content\/uploads\/sites\/2\/2023\/10\/kslm-2023-1-Otto-Hahn-Gymnasium-1024x678.jpg 1024w, https:\/\/sparkassenstiftungen-ka.de\/jugendstiftung\/wp-content\/uploads\/sites\/2\/2023\/10\/kslm-2023-1-Otto-Hahn-Gymnasium-768x509.jpg 768w\" sizes=\"auto, (max-width: 1200px) 100vw, 1200px\" \/><\/a><\/figure>\n\n<h2 class=\"gb-headline gb-headline-46b49b0c gb-headline-text\"><a href=\"https:\/\/sparkassenstiftungen-ka.de\/jugendstiftung\/sportfoerderung\/leichtathletik-meisterschaften\/pokaluebergabe-der-34-schueler-leichtathletik-meisterschaften\/\">Pokal\u00fcbergabe der 34. Sch\u00fcler-Leichtathletik-Meisterschaften<\/a><\/h2>\n\n<div class=\"gb-headline gb-headline-12dd70d8 gb-headline-text\">Vor genau drei Jahren, im M\u00e4rz 2020, musste die damals bereits geplante Pokal\u00fcbergabe wegen des Corona-Lockdowns abgesagt werden. Umso gr\u00f6\u00dfer war jetzt die Freude bei &#8230; <a title=\"Pokal\u00fcbergabe der 34. Sch\u00fcler-Leichtathletik-Meisterschaften\" class=\"read-more\" href=\"https:\/\/sparkassenstiftungen-ka.de\/jugendstiftung\/sportfoerderung\/leichtathletik-meisterschaften\/pokaluebergabe-der-34-schueler-leichtathletik-meisterschaften\/\" aria-label=\"Mehr Informationen \u00fcber Pokal\u00fcbergabe der 34. Sch\u00fcler-Leichtathletik-Meisterschaften\">Weiterlesen &#8230;<\/a><\/div>\n<\/div><\/div>\n\n<div class=\"gb-grid-column gb-grid-column-55d15109 gb-query-loop-item post-2849 post type-post status-publish format-standard has-post-thumbnail hentry category-leichtathletik-meisterschaften\"><div class=\"gb-container gb-container-55d15109\">\n<figure class=\"gb-block-image gb-block-image-d592533d\"><a href=\"https:\/\/sparkassenstiftungen-ka.de\/jugendstiftung\/sportfoerderung\/leichtathletik-meisterschaften\/schueler-leichtathletik-meisterschaften-2023\/\"><img loading=\"lazy\" decoding=\"async\" width=\"1200\" height=\"700\" src=\"https:\/\/sparkassenstiftungen-ka.de\/jugendstiftung\/wp-content\/uploads\/sites\/2\/2023\/10\/KSLM-2023.jpg\" class=\"gb-image-d592533d\" alt=\"Karlsruher Sch\u00fcler-Leichtathletik-Meisterschaften\" srcset=\"https:\/\/sparkassenstiftungen-ka.de\/jugendstiftung\/wp-content\/uploads\/sites\/2\/2023\/10\/KSLM-2023.jpg 1200w, https:\/\/sparkassenstiftungen-ka.de\/jugendstiftung\/wp-content\/uploads\/sites\/2\/2023\/10\/KSLM-2023-300x175.jpg 300w, https:\/\/sparkassenstiftungen-ka.de\/jugendstiftung\/wp-content\/uploads\/sites\/2\/2023\/10\/KSLM-2023-1024x597.jpg 1024w, https:\/\/sparkassenstiftungen-ka.de\/jugendstiftung\/wp-content\/uploads\/sites\/2\/2023\/10\/KSLM-2023-768x448.jpg 768w\" sizes=\"auto, (max-width: 1200px) 100vw, 1200px\" \/><\/a><\/figure>\n\n<h2 class=\"gb-headline gb-headline-46b49b0c gb-headline-text\"><a href=\"https:\/\/sparkassenstiftungen-ka.de\/jugendstiftung\/sportfoerderung\/leichtathletik-meisterschaften\/schueler-leichtathletik-meisterschaften-2023\/\">Sch\u00fcler-Leichtathletik-Meisterschaften 2023<\/a><\/h2>\n\n<div class=\"gb-headline gb-headline-12dd70d8 gb-headline-text\">Mit gro\u00dfem Erfolg haben die Sch\u00fcler-Leichtathletik-Meisterschaften ihren Restart nach der zweij\u00e4hrigen Corona-Pause gefeiert. Insgesamt 27 weiterf\u00fchrende Schulen aus dem gesamten Gesch\u00e4ftsgebiet nahmen an den Meisterschaften &#8230; <a title=\"Sch\u00fcler-Leichtathletik-Meisterschaften 2023\" class=\"read-more\" href=\"https:\/\/sparkassenstiftungen-ka.de\/jugendstiftung\/sportfoerderung\/leichtathletik-meisterschaften\/schueler-leichtathletik-meisterschaften-2023\/\" aria-label=\"Mehr Informationen \u00fcber Sch\u00fcler-Leichtathletik-Meisterschaften 2023\">Weiterlesen &#8230;<\/a><\/div>\n<\/div><\/div>\n<\/div>\n","protected":false},"excerpt":{"rendered":"<p>Leichtathletik-Meisterschaften<\/p>\n","protected":false},"author":2,"featured_media":2850,"parent":3237,"menu_order":0,"comment_status":"closed","ping_status":"closed","template":"","meta":{"footnotes":""},"class_list":{"0":"post-3278","1":"page","2":"type-page","3":"status-publish","4":"has-post-thumbnail","6":"resize-featured-image"},"_links":{"self":[{"href":"https:\/\/sparkassenstiftungen-ka.de\/jugendstiftung\/wp-json\/wp\/v2\/pages\/3278","targetHints":{"allow":["GET"]}}],"collection":[{"href":"https:\/\/sparkassenstiftungen-ka.de\/jugendstiftung\/wp-json\/wp\/v2\/pages"}],"about":[{"href":"https:\/\/sparkassenstiftungen-ka.de\/jugendstiftung\/wp-json\/wp\/v2\/types\/page"}],"author":[{"embeddable":true,"href":"https:\/\/sparkassenstiftungen-ka.de\/jugendstiftung\/wp-json\/wp\/v2\/users\/2"}],"replies":[{"embeddable":true,"href":"https:\/\/sparkassenstiftungen-ka.de\/jugendstiftung\/wp-json\/wp\/v2\/comments?post=3278"}],"version-history":[{"count":3,"href":"https:\/\/sparkassenstiftungen-ka.de\/jugendstiftung\/wp-json\/wp\/v2\/pages\/3278\/revisions"}],"predecessor-version":[{"id":3282,"href":"https:\/\/sparkassenstiftungen-ka.de\/jugendstiftung\/wp-json\/wp\/v2\/pages\/3278\/revisions\/3282"}],"up":[{"embeddable":true,"href":"https:\/\/sparkassenstiftungen-ka.de\/jugendstiftung\/wp-json\/wp\/v2\/pages\/3237"}],"wp:featuredmedia":[{"embeddable":true,"href":"https:\/\/sparkassenstiftungen-ka.de\/jugendstiftung\/wp-json\/wp\/v2\/media\/2850"}],"wp:attachment":[{"href":"https:\/\/sparkassenstiftungen-ka.de\/jugendstiftung\/wp-json\/wp\/v2\/media?parent=3278"}],"curies":[{"name":"wp","href":"https:\/\/api.w.org\/{rel}","templated":true}]}}