{"id":3273,"date":"2023-10-18T11:41:11","date_gmt":"2023-10-18T09:41:11","guid":{"rendered":"https:\/\/sparkassenstiftungen-ka.de\/jugendstiftung\/?page_id=3273"},"modified":"2023-10-19T12:48:49","modified_gmt":"2023-10-19T10:48:49","slug":"weitere-foerderungen","status":"publish","type":"page","link":"https:\/\/sparkassenstiftungen-ka.de\/jugendstiftung\/sportfoerderung\/weitere-foerderungen\/","title":{"rendered":"Weitere F\u00f6rderungen"},"content":{"rendered":"\n<h2 class=\"gb-headline gb-headline-260cbf02 gb-headline-text\">Weitere F\u00f6rderungen<\/h2>\n\n\n\n<div class=\"gb-grid-wrapper gb-grid-wrapper-9dc591a5 gb-query-loop-wrapper\">\n<div class=\"gb-grid-column gb-grid-column-55d15109 gb-query-loop-item post-3957 post type-post status-publish format-standard has-post-thumbnail hentry category-weitere-foerderungen\"><div class=\"gb-container gb-container-55d15109\">\n<figure class=\"gb-block-image gb-block-image-d592533d\"><a href=\"https:\/\/sparkassenstiftungen-ka.de\/jugendstiftung\/sportfoerderung\/weitere-foerderungen\/schwimmfix-2025\/\"><img loading=\"lazy\" decoding=\"async\" width=\"1200\" height=\"700\" src=\"https:\/\/sparkassenstiftungen-ka.de\/jugendstiftung\/wp-content\/uploads\/sites\/2\/2025\/07\/schwimmfix-2025.webp\" class=\"gb-image-d592533d\" alt=\"SchwimmFix 2025\" srcset=\"https:\/\/sparkassenstiftungen-ka.de\/jugendstiftung\/wp-content\/uploads\/sites\/2\/2025\/07\/schwimmfix-2025.webp 1200w, https:\/\/sparkassenstiftungen-ka.de\/jugendstiftung\/wp-content\/uploads\/sites\/2\/2025\/07\/schwimmfix-2025-300x175.webp 300w, https:\/\/sparkassenstiftungen-ka.de\/jugendstiftung\/wp-content\/uploads\/sites\/2\/2025\/07\/schwimmfix-2025-1024x597.webp 1024w, https:\/\/sparkassenstiftungen-ka.de\/jugendstiftung\/wp-content\/uploads\/sites\/2\/2025\/07\/schwimmfix-2025-768x448.webp 768w\" sizes=\"auto, (max-width: 1200px) 100vw, 1200px\" \/><\/a><\/figure>\n\n<h2 class=\"gb-headline gb-headline-46b49b0c gb-headline-text\"><a href=\"https:\/\/sparkassenstiftungen-ka.de\/jugendstiftung\/sportfoerderung\/weitere-foerderungen\/schwimmfix-2025\/\">SchwimmFix 2025<\/a><\/h2>\n\n<div class=\"gb-headline gb-headline-12dd70d8 gb-headline-text\">Am 26.06.2025 fand erneut das Projekt \u201eSchwimmFix\u201c im Karlsruher F\u00e4cherbad statt. Hierbei kamen \u00fcber 400 Sch\u00fcler:innen aus ganz Karlsruhe zusammen. Ziel des interinstitutionellen Programms ist &#8230; <a title=\"SchwimmFix 2025\" class=\"read-more\" href=\"https:\/\/sparkassenstiftungen-ka.de\/jugendstiftung\/sportfoerderung\/weitere-foerderungen\/schwimmfix-2025\/\" aria-label=\"Mehr Informationen \u00fcber SchwimmFix 2025\">Weiterlesen &#8230;<\/a><\/div>\n<\/div><\/div>\n\n<div class=\"gb-grid-column gb-grid-column-55d15109 gb-query-loop-item post-3147 post type-post status-publish format-standard has-post-thumbnail hentry category-weitere-foerderungen\"><div class=\"gb-container gb-container-55d15109\">\n<figure class=\"gb-block-image gb-block-image-d592533d\"><a href=\"https:\/\/sparkassenstiftungen-ka.de\/jugendstiftung\/sportfoerderung\/weitere-foerderungen\/water-experience-academy\/\"><img loading=\"lazy\" decoding=\"async\" width=\"1200\" height=\"793\" src=\"https:\/\/sparkassenstiftungen-ka.de\/jugendstiftung\/wp-content\/uploads\/sites\/2\/2023\/10\/Water-Experience-Academy.jpg\" class=\"gb-image-d592533d\" alt=\"Water Experience Academy\" srcset=\"https:\/\/sparkassenstiftungen-ka.de\/jugendstiftung\/wp-content\/uploads\/sites\/2\/2023\/10\/Water-Experience-Academy.jpg 1200w, https:\/\/sparkassenstiftungen-ka.de\/jugendstiftung\/wp-content\/uploads\/sites\/2\/2023\/10\/Water-Experience-Academy-300x198.jpg 300w, https:\/\/sparkassenstiftungen-ka.de\/jugendstiftung\/wp-content\/uploads\/sites\/2\/2023\/10\/Water-Experience-Academy-1024x677.jpg 1024w, https:\/\/sparkassenstiftungen-ka.de\/jugendstiftung\/wp-content\/uploads\/sites\/2\/2023\/10\/Water-Experience-Academy-768x508.jpg 768w\" sizes=\"auto, (max-width: 1200px) 100vw, 1200px\" \/><\/a><\/figure>\n\n<h2 class=\"gb-headline gb-headline-46b49b0c gb-headline-text\"><a href=\"https:\/\/sparkassenstiftungen-ka.de\/jugendstiftung\/sportfoerderung\/weitere-foerderungen\/water-experience-academy\/\">Water Experience Academy<\/a><\/h2>\n\n<div class=\"gb-headline gb-headline-12dd70d8 gb-headline-text\">90 Sch\u00fclerinnen und Sch\u00fcler der 3. und 4. Klasse der Heinz-Barth-Schule Wettersbach durften an der Pilotveranstaltung am 5. Juli 2022 teilnehmen. Bei perfektem Badewetter ging &#8230; <a title=\"Water Experience Academy\" class=\"read-more\" href=\"https:\/\/sparkassenstiftungen-ka.de\/jugendstiftung\/sportfoerderung\/weitere-foerderungen\/water-experience-academy\/\" aria-label=\"Mehr Informationen \u00fcber Water Experience Academy\">Weiterlesen &#8230;<\/a><\/div>\n<\/div><\/div>\n\n<div class=\"gb-grid-column gb-grid-column-55d15109 gb-query-loop-item post-3150 post type-post status-publish format-standard has-post-thumbnail hentry category-weitere-foerderungen\"><div class=\"gb-container gb-container-55d15109\">\n<figure class=\"gb-block-image gb-block-image-d592533d\"><a href=\"https:\/\/sparkassenstiftungen-ka.de\/jugendstiftung\/sportfoerderung\/weitere-foerderungen\/flickflack-und-lebkuchenherzen\/\"><img loading=\"lazy\" decoding=\"async\" width=\"1000\" height=\"600\" src=\"https:\/\/sparkassenstiftungen-ka.de\/jugendstiftung\/wp-content\/uploads\/sites\/2\/2023\/10\/Flickflack-und-Lebkuchenherzen.jpg\" class=\"gb-image-d592533d\" alt=\"Flickflack und Lebkuchenherzen\" srcset=\"https:\/\/sparkassenstiftungen-ka.de\/jugendstiftung\/wp-content\/uploads\/sites\/2\/2023\/10\/Flickflack-und-Lebkuchenherzen.jpg 1000w, https:\/\/sparkassenstiftungen-ka.de\/jugendstiftung\/wp-content\/uploads\/sites\/2\/2023\/10\/Flickflack-und-Lebkuchenherzen-300x180.jpg 300w, https:\/\/sparkassenstiftungen-ka.de\/jugendstiftung\/wp-content\/uploads\/sites\/2\/2023\/10\/Flickflack-und-Lebkuchenherzen-768x461.jpg 768w\" sizes=\"auto, (max-width: 1000px) 100vw, 1000px\" \/><\/a><\/figure>\n\n<h2 class=\"gb-headline gb-headline-46b49b0c gb-headline-text\"><a href=\"https:\/\/sparkassenstiftungen-ka.de\/jugendstiftung\/sportfoerderung\/weitere-foerderungen\/flickflack-und-lebkuchenherzen\/\">Flickflack und Lebkuchenherzen<\/a><\/h2>\n\n<div class=\"gb-headline gb-headline-12dd70d8 gb-headline-text\">Das Kunstturnen hat eine riesige Fangemeinde und begeistert bei den Olympischen Spielen und anderen Sportevents gro\u00dfe und kleine Fernsehzuschauer gleicherma\u00dfen. Doch was so leicht und &#8230; <a title=\"Flickflack und Lebkuchenherzen\" class=\"read-more\" href=\"https:\/\/sparkassenstiftungen-ka.de\/jugendstiftung\/sportfoerderung\/weitere-foerderungen\/flickflack-und-lebkuchenherzen\/\" aria-label=\"Mehr Informationen \u00fcber Flickflack und Lebkuchenherzen\">Weiterlesen &#8230;<\/a><\/div>\n<\/div><\/div>\n<\/div>\n","protected":false},"excerpt":{"rendered":"<p>Weitere F\u00f6rderungen<\/p>\n","protected":false},"author":2,"featured_media":3148,"parent":3237,"menu_order":0,"comment_status":"closed","ping_status":"closed","template":"","meta":{"footnotes":""},"class_list":{"0":"post-3273","1":"page","2":"type-page","3":"status-publish","4":"has-post-thumbnail","6":"resize-featured-image"},"_links":{"self":[{"href":"https:\/\/sparkassenstiftungen-ka.de\/jugendstiftung\/wp-json\/wp\/v2\/pages\/3273","targetHints":{"allow":["GET"]}}],"collection":[{"href":"https:\/\/sparkassenstiftungen-ka.de\/jugendstiftung\/wp-json\/wp\/v2\/pages"}],"about":[{"href":"https:\/\/sparkassenstiftungen-ka.de\/jugendstiftung\/wp-json\/wp\/v2\/types\/page"}],"author":[{"embeddable":true,"href":"https:\/\/sparkassenstiftungen-ka.de\/jugendstiftung\/wp-json\/wp\/v2\/users\/2"}],"replies":[{"embeddable":true,"href":"https:\/\/sparkassenstiftungen-ka.de\/jugendstiftung\/wp-json\/wp\/v2\/comments?post=3273"}],"version-history":[{"count":2,"href":"https:\/\/sparkassenstiftungen-ka.de\/jugendstiftung\/wp-json\/wp\/v2\/pages\/3273\/revisions"}],"predecessor-version":[{"id":3287,"href":"https:\/\/sparkassenstiftungen-ka.de\/jugendstiftung\/wp-json\/wp\/v2\/pages\/3273\/revisions\/3287"}],"up":[{"embeddable":true,"href":"https:\/\/sparkassenstiftungen-ka.de\/jugendstiftung\/wp-json\/wp\/v2\/pages\/3237"}],"wp:featuredmedia":[{"embeddable":true,"href":"https:\/\/sparkassenstiftungen-ka.de\/jugendstiftung\/wp-json\/wp\/v2\/media\/3148"}],"wp:attachment":[{"href":"https:\/\/sparkassenstiftungen-ka.de\/jugendstiftung\/wp-json\/wp\/v2\/media?parent=3273"}],"curies":[{"name":"wp","href":"https:\/\/api.w.org\/{rel}","templated":true}]}}