{"id":3271,"date":"2023-10-19T11:40:36","date_gmt":"2023-10-19T09:40:36","guid":{"rendered":"https:\/\/sparkassenstiftungen-ka.de\/jugendstiftung\/?page_id=3271"},"modified":"2023-10-19T12:40:32","modified_gmt":"2023-10-19T10:40:32","slug":"schwimm-meisterschaften","status":"publish","type":"page","link":"https:\/\/sparkassenstiftungen-ka.de\/jugendstiftung\/sportfoerderung\/schwimm-meisterschaften\/","title":{"rendered":"Schwimm-Meisterschaften"},"content":{"rendered":"\n<h2 class=\"gb-headline gb-headline-260cbf02 gb-headline-text\">Schwimm-Meisterschaften<\/h2>\n\n\n\n<div class=\"gb-grid-wrapper gb-grid-wrapper-9dc591a5 gb-query-loop-wrapper\">\n<div class=\"gb-grid-column gb-grid-column-55d15109 gb-query-loop-item post-4239 post type-post status-publish format-standard has-post-thumbnail hentry category-schwimm-meisterschaften\"><div class=\"gb-container gb-container-55d15109\">\n<figure class=\"gb-block-image gb-block-image-d592533d\"><a href=\"https:\/\/sparkassenstiftungen-ka.de\/jugendstiftung\/sportfoerderung\/schwimm-meisterschaften\/pokaluebergabe-35-schueler-schwimm-meisterschaften\/\"><img loading=\"lazy\" decoding=\"async\" width=\"1200\" height=\"700\" src=\"https:\/\/sparkassenstiftungen-ka.de\/jugendstiftung\/wp-content\/uploads\/sites\/2\/2024\/09\/schwimmen-2024-01.webp\" class=\"gb-image-d592533d\" alt=\"Sch\u00fcler-Schwimm-Meisterschaften\" srcset=\"https:\/\/sparkassenstiftungen-ka.de\/jugendstiftung\/wp-content\/uploads\/sites\/2\/2024\/09\/schwimmen-2024-01.webp 1200w, https:\/\/sparkassenstiftungen-ka.de\/jugendstiftung\/wp-content\/uploads\/sites\/2\/2024\/09\/schwimmen-2024-01-300x175.webp 300w, https:\/\/sparkassenstiftungen-ka.de\/jugendstiftung\/wp-content\/uploads\/sites\/2\/2024\/09\/schwimmen-2024-01-1024x597.webp 1024w, https:\/\/sparkassenstiftungen-ka.de\/jugendstiftung\/wp-content\/uploads\/sites\/2\/2024\/09\/schwimmen-2024-01-768x448.webp 768w\" sizes=\"auto, (max-width: 1200px) 100vw, 1200px\" \/><\/a><\/figure>\n\n<h2 class=\"gb-headline gb-headline-46b49b0c gb-headline-text\"><a href=\"https:\/\/sparkassenstiftungen-ka.de\/jugendstiftung\/sportfoerderung\/schwimm-meisterschaften\/pokaluebergabe-35-schueler-schwimm-meisterschaften\/\">Pokal\u00fcbergabe der 35. Sch\u00fcler-Schwimm-Meisterschaften<\/a><\/h2>\n\n<div class=\"gb-headline gb-headline-12dd70d8 gb-headline-text\">Am 8. Dezember 2025 fand im Kasino des Sparkassenberatungszentrums am Europaplatz die feierliche Pokal\u00fcbergabe der 35. Sch\u00fcler-Schwimm-Meisterschaften der Jugendstiftung der Sparkasse Karlsruhe statt. Die Veranstaltung &#8230; <a title=\"Pokal\u00fcbergabe der 35. Sch\u00fcler-Schwimm-Meisterschaften\" class=\"read-more\" href=\"https:\/\/sparkassenstiftungen-ka.de\/jugendstiftung\/sportfoerderung\/schwimm-meisterschaften\/pokaluebergabe-35-schueler-schwimm-meisterschaften\/\" aria-label=\"Mehr Informationen \u00fcber Pokal\u00fcbergabe der 35. Sch\u00fcler-Schwimm-Meisterschaften\">Weiterlesen &#8230;<\/a><\/div>\n<\/div><\/div>\n\n<div class=\"gb-grid-column gb-grid-column-55d15109 gb-query-loop-item post-4114 post type-post status-publish format-standard has-post-thumbnail hentry category-schwimm-meisterschaften\"><div class=\"gb-container gb-container-55d15109\">\n<figure class=\"gb-block-image gb-block-image-d592533d\"><a href=\"https:\/\/sparkassenstiftungen-ka.de\/jugendstiftung\/sportfoerderung\/schwimm-meisterschaften\/35-schueler-schwimm-meisterschaften\/\"><img loading=\"lazy\" decoding=\"async\" width=\"1200\" height=\"700\" src=\"https:\/\/sparkassenstiftungen-ka.de\/jugendstiftung\/wp-content\/uploads\/sites\/2\/2024\/09\/schwimmen-2024-titel.webp\" class=\"gb-image-d592533d\" alt=\"Sch\u00fcler-Schwimm-Meisterschaften\" srcset=\"https:\/\/sparkassenstiftungen-ka.de\/jugendstiftung\/wp-content\/uploads\/sites\/2\/2024\/09\/schwimmen-2024-titel.webp 1200w, https:\/\/sparkassenstiftungen-ka.de\/jugendstiftung\/wp-content\/uploads\/sites\/2\/2024\/09\/schwimmen-2024-titel-300x175.webp 300w, https:\/\/sparkassenstiftungen-ka.de\/jugendstiftung\/wp-content\/uploads\/sites\/2\/2024\/09\/schwimmen-2024-titel-1024x597.webp 1024w, https:\/\/sparkassenstiftungen-ka.de\/jugendstiftung\/wp-content\/uploads\/sites\/2\/2024\/09\/schwimmen-2024-titel-768x448.webp 768w\" sizes=\"auto, (max-width: 1200px) 100vw, 1200px\" \/><\/a><\/figure>\n\n<h2 class=\"gb-headline gb-headline-46b49b0c gb-headline-text\"><a href=\"https:\/\/sparkassenstiftungen-ka.de\/jugendstiftung\/sportfoerderung\/schwimm-meisterschaften\/35-schueler-schwimm-meisterschaften\/\">35. Sch\u00fcler-Schwimm-Meisterschaften<\/a><\/h2>\n\n<div class=\"gb-headline gb-headline-12dd70d8 gb-headline-text\">Volle Becken, schnelle Bahnen und jede Menge Teamgeist: Am 11. November 2025 gingen im F\u00e4cherbad Karlsruhe die 35. Sch\u00fcler-Schwimm-Meisterschaften der Jugendstiftung der Sparkasse Karlsruhe \u00fcber &#8230; <a title=\"35. Sch\u00fcler-Schwimm-Meisterschaften\" class=\"read-more\" href=\"https:\/\/sparkassenstiftungen-ka.de\/jugendstiftung\/sportfoerderung\/schwimm-meisterschaften\/35-schueler-schwimm-meisterschaften\/\" aria-label=\"Mehr Informationen \u00fcber 35. Sch\u00fcler-Schwimm-Meisterschaften\">Weiterlesen &#8230;<\/a><\/div>\n<\/div><\/div>\n\n<div class=\"gb-grid-column gb-grid-column-55d15109 gb-query-loop-item post-3754 post type-post status-publish format-standard has-post-thumbnail hentry category-schwimm-meisterschaften\"><div class=\"gb-container gb-container-55d15109\">\n<figure class=\"gb-block-image gb-block-image-d592533d\"><a href=\"https:\/\/sparkassenstiftungen-ka.de\/jugendstiftung\/sportfoerderung\/schwimm-meisterschaften\/pokaluebergabe-34-schueler-schwimm-meisterschaften\/\"><img loading=\"lazy\" decoding=\"async\" width=\"1200\" height=\"700\" src=\"https:\/\/sparkassenstiftungen-ka.de\/jugendstiftung\/wp-content\/uploads\/sites\/2\/2024\/09\/schwimmen-2024-titel.webp\" class=\"gb-image-d592533d\" alt=\"Sch\u00fcler-Schwimm-Meisterschaften\" srcset=\"https:\/\/sparkassenstiftungen-ka.de\/jugendstiftung\/wp-content\/uploads\/sites\/2\/2024\/09\/schwimmen-2024-titel.webp 1200w, https:\/\/sparkassenstiftungen-ka.de\/jugendstiftung\/wp-content\/uploads\/sites\/2\/2024\/09\/schwimmen-2024-titel-300x175.webp 300w, https:\/\/sparkassenstiftungen-ka.de\/jugendstiftung\/wp-content\/uploads\/sites\/2\/2024\/09\/schwimmen-2024-titel-1024x597.webp 1024w, https:\/\/sparkassenstiftungen-ka.de\/jugendstiftung\/wp-content\/uploads\/sites\/2\/2024\/09\/schwimmen-2024-titel-768x448.webp 768w\" sizes=\"auto, (max-width: 1200px) 100vw, 1200px\" \/><\/a><\/figure>\n\n<h2 class=\"gb-headline gb-headline-46b49b0c gb-headline-text\"><a href=\"https:\/\/sparkassenstiftungen-ka.de\/jugendstiftung\/sportfoerderung\/schwimm-meisterschaften\/pokaluebergabe-34-schueler-schwimm-meisterschaften\/\">Pokal\u00fcbergabe der 34. Sch\u00fcler-Schwimm-Meisterschaften<\/a><\/h2>\n\n<div class=\"gb-headline gb-headline-12dd70d8 gb-headline-text\">Die Freude bei allen Beteiligten war riesig, als im November 2024 bereits zum 34. Mal die Sch\u00fcler-Schwimm-Meisterschaften stattgefunden haben. 32 Schulen aus dem gesamten Gesch\u00e4ftsgebiet &#8230; <a title=\"Pokal\u00fcbergabe der 34. Sch\u00fcler-Schwimm-Meisterschaften\" class=\"read-more\" href=\"https:\/\/sparkassenstiftungen-ka.de\/jugendstiftung\/sportfoerderung\/schwimm-meisterschaften\/pokaluebergabe-34-schueler-schwimm-meisterschaften\/\" aria-label=\"Mehr Informationen \u00fcber Pokal\u00fcbergabe der 34. Sch\u00fcler-Schwimm-Meisterschaften\">Weiterlesen &#8230;<\/a><\/div>\n<\/div><\/div>\n\n<div class=\"gb-grid-column gb-grid-column-55d15109 gb-query-loop-item post-3625 post type-post status-publish format-standard has-post-thumbnail hentry category-schwimm-meisterschaften\"><div class=\"gb-container gb-container-55d15109\">\n<figure class=\"gb-block-image gb-block-image-d592533d\"><a href=\"https:\/\/sparkassenstiftungen-ka.de\/jugendstiftung\/sportfoerderung\/schwimm-meisterschaften\/schueler-schwimm-meisterschaften-2024\/\"><img loading=\"lazy\" decoding=\"async\" width=\"1200\" height=\"700\" src=\"https:\/\/sparkassenstiftungen-ka.de\/jugendstiftung\/wp-content\/uploads\/sites\/2\/2024\/09\/schwimmen-2024-01.webp\" class=\"gb-image-d592533d\" alt=\"Sch\u00fcler-Schwimm-Meisterschaften\" srcset=\"https:\/\/sparkassenstiftungen-ka.de\/jugendstiftung\/wp-content\/uploads\/sites\/2\/2024\/09\/schwimmen-2024-01.webp 1200w, https:\/\/sparkassenstiftungen-ka.de\/jugendstiftung\/wp-content\/uploads\/sites\/2\/2024\/09\/schwimmen-2024-01-300x175.webp 300w, https:\/\/sparkassenstiftungen-ka.de\/jugendstiftung\/wp-content\/uploads\/sites\/2\/2024\/09\/schwimmen-2024-01-1024x597.webp 1024w, https:\/\/sparkassenstiftungen-ka.de\/jugendstiftung\/wp-content\/uploads\/sites\/2\/2024\/09\/schwimmen-2024-01-768x448.webp 768w\" sizes=\"auto, (max-width: 1200px) 100vw, 1200px\" \/><\/a><\/figure>\n\n<h2 class=\"gb-headline gb-headline-46b49b0c gb-headline-text\"><a href=\"https:\/\/sparkassenstiftungen-ka.de\/jugendstiftung\/sportfoerderung\/schwimm-meisterschaften\/schueler-schwimm-meisterschaften-2024\/\">34. Sch\u00fcler-Schwimm-Meisterschaften<\/a><\/h2>\n\n<div class=\"gb-headline gb-headline-12dd70d8 gb-headline-text\">Tr\u00fcbes Novembergrau, im Dunkeln zur Schule gehen, bis Weihnachten keine Ferien oder Feiertage \u2026 da sinkt die Motivation. Doch es gibt ein Gegenmittel: Schwimmen! Dies &#8230; <a title=\"34. Sch\u00fcler-Schwimm-Meisterschaften\" class=\"read-more\" href=\"https:\/\/sparkassenstiftungen-ka.de\/jugendstiftung\/sportfoerderung\/schwimm-meisterschaften\/schueler-schwimm-meisterschaften-2024\/\" aria-label=\"Mehr Informationen \u00fcber 34. Sch\u00fcler-Schwimm-Meisterschaften\">Weiterlesen &#8230;<\/a><\/div>\n<\/div><\/div>\n\n<div class=\"gb-grid-column gb-grid-column-55d15109 gb-query-loop-item post-3426 post type-post status-publish format-standard has-post-thumbnail hentry category-schwimm-meisterschaften\"><div class=\"gb-container gb-container-55d15109\">\n<figure class=\"gb-block-image gb-block-image-d592533d\"><a href=\"https:\/\/sparkassenstiftungen-ka.de\/jugendstiftung\/sportfoerderung\/schwimm-meisterschaften\/pokaluebergabe-33-schueler-schwimm-meisterschaften\/\"><img loading=\"lazy\" decoding=\"async\" width=\"1200\" height=\"700\" src=\"https:\/\/sparkassenstiftungen-ka.de\/jugendstiftung\/wp-content\/uploads\/sites\/2\/2023\/10\/Schueler-Schwimm-Meisterschaften-Titel.webp\" class=\"gb-image-d592533d\" alt=\"Sch\u00fcler-Schwimm-Meisterschaften\" srcset=\"https:\/\/sparkassenstiftungen-ka.de\/jugendstiftung\/wp-content\/uploads\/sites\/2\/2023\/10\/Schueler-Schwimm-Meisterschaften-Titel.webp 1200w, https:\/\/sparkassenstiftungen-ka.de\/jugendstiftung\/wp-content\/uploads\/sites\/2\/2023\/10\/Schueler-Schwimm-Meisterschaften-Titel-300x175.webp 300w, https:\/\/sparkassenstiftungen-ka.de\/jugendstiftung\/wp-content\/uploads\/sites\/2\/2023\/10\/Schueler-Schwimm-Meisterschaften-Titel-1024x597.webp 1024w, https:\/\/sparkassenstiftungen-ka.de\/jugendstiftung\/wp-content\/uploads\/sites\/2\/2023\/10\/Schueler-Schwimm-Meisterschaften-Titel-768x448.webp 768w\" sizes=\"auto, (max-width: 1200px) 100vw, 1200px\" \/><\/a><\/figure>\n\n<h2 class=\"gb-headline gb-headline-46b49b0c gb-headline-text\"><a href=\"https:\/\/sparkassenstiftungen-ka.de\/jugendstiftung\/sportfoerderung\/schwimm-meisterschaften\/pokaluebergabe-33-schueler-schwimm-meisterschaften\/\">Pokal\u00fcbergabe 33. Sch\u00fcler-Schwimm-Meisterschaften<\/a><\/h2>\n\n<div class=\"gb-headline gb-headline-12dd70d8 gb-headline-text\">Die Freude bei allen Beteiligten war riesig, als im November 2023 nach dreij\u00e4hriger Coronapause endlich wieder die Sch\u00fcler-Schwimm-Meisterschaften stattfinden konnten. 28 Schulen aus dem gesamten &#8230; <a title=\"Pokal\u00fcbergabe 33. Sch\u00fcler-Schwimm-Meisterschaften\" class=\"read-more\" href=\"https:\/\/sparkassenstiftungen-ka.de\/jugendstiftung\/sportfoerderung\/schwimm-meisterschaften\/pokaluebergabe-33-schueler-schwimm-meisterschaften\/\" aria-label=\"Mehr Informationen \u00fcber Pokal\u00fcbergabe 33. Sch\u00fcler-Schwimm-Meisterschaften\">Weiterlesen &#8230;<\/a><\/div>\n<\/div><\/div>\n\n<div class=\"gb-grid-column gb-grid-column-55d15109 gb-query-loop-item post-3144 post type-post status-publish format-standard has-post-thumbnail hentry category-schwimm-meisterschaften\"><div class=\"gb-container gb-container-55d15109\">\n<figure class=\"gb-block-image gb-block-image-d592533d\"><a href=\"https:\/\/sparkassenstiftungen-ka.de\/jugendstiftung\/sportfoerderung\/schwimm-meisterschaften\/pokaluebergabe-32-schueler-schwimm-meisterschaften\/\"><img loading=\"lazy\" decoding=\"async\" width=\"1200\" height=\"700\" src=\"https:\/\/sparkassenstiftungen-ka.de\/jugendstiftung\/wp-content\/uploads\/sites\/2\/2019\/12\/Schueler-Schwimm-Meisterschaften-Titel-Stockfoto.webp\" class=\"gb-image-d592533d\" alt=\"Sch\u00fcler-Schwimm-Meisterschaften\" srcset=\"https:\/\/sparkassenstiftungen-ka.de\/jugendstiftung\/wp-content\/uploads\/sites\/2\/2019\/12\/Schueler-Schwimm-Meisterschaften-Titel-Stockfoto.webp 1200w, https:\/\/sparkassenstiftungen-ka.de\/jugendstiftung\/wp-content\/uploads\/sites\/2\/2019\/12\/Schueler-Schwimm-Meisterschaften-Titel-Stockfoto-300x175.webp 300w, https:\/\/sparkassenstiftungen-ka.de\/jugendstiftung\/wp-content\/uploads\/sites\/2\/2019\/12\/Schueler-Schwimm-Meisterschaften-Titel-Stockfoto-1024x597.webp 1024w, https:\/\/sparkassenstiftungen-ka.de\/jugendstiftung\/wp-content\/uploads\/sites\/2\/2019\/12\/Schueler-Schwimm-Meisterschaften-Titel-Stockfoto-768x448.webp 768w\" sizes=\"auto, (max-width: 1200px) 100vw, 1200px\" \/><\/a><\/figure>\n\n<h2 class=\"gb-headline gb-headline-46b49b0c gb-headline-text\"><a href=\"https:\/\/sparkassenstiftungen-ka.de\/jugendstiftung\/sportfoerderung\/schwimm-meisterschaften\/pokaluebergabe-32-schueler-schwimm-meisterschaften\/\">Pokal\u00fcbergabe 32. Sch\u00fcler-Schwimm-Meisterschaften<\/a><\/h2>\n\n<div class=\"gb-headline gb-headline-12dd70d8 gb-headline-text\">Ein wohlverdientes Weihnachtsgeschenk f\u00fcr insgesamt zw\u00f6lf Schulen gab es auch in diesem Jahr von der Jugendstiftung: Geldpreise, Pokale und Urkunden f\u00fcr die besten Schulmannschaften der &#8230; <a title=\"Pokal\u00fcbergabe 32. Sch\u00fcler-Schwimm-Meisterschaften\" class=\"read-more\" href=\"https:\/\/sparkassenstiftungen-ka.de\/jugendstiftung\/sportfoerderung\/schwimm-meisterschaften\/pokaluebergabe-32-schueler-schwimm-meisterschaften\/\" aria-label=\"Mehr Informationen \u00fcber Pokal\u00fcbergabe 32. Sch\u00fcler-Schwimm-Meisterschaften\">Weiterlesen &#8230;<\/a><\/div>\n<\/div><\/div>\n<\/div>\n","protected":false},"excerpt":{"rendered":"<p>Schwimm-Meisterschaften<\/p>\n","protected":false},"author":2,"featured_media":2904,"parent":3237,"menu_order":0,"comment_status":"closed","ping_status":"closed","template":"","meta":{"footnotes":""},"class_list":{"0":"post-3271","1":"page","2":"type-page","3":"status-publish","4":"has-post-thumbnail","6":"resize-featured-image"},"_links":{"self":[{"href":"https:\/\/sparkassenstiftungen-ka.de\/jugendstiftung\/wp-json\/wp\/v2\/pages\/3271","targetHints":{"allow":["GET"]}}],"collection":[{"href":"https:\/\/sparkassenstiftungen-ka.de\/jugendstiftung\/wp-json\/wp\/v2\/pages"}],"about":[{"href":"https:\/\/sparkassenstiftungen-ka.de\/jugendstiftung\/wp-json\/wp\/v2\/types\/page"}],"author":[{"embeddable":true,"href":"https:\/\/sparkassenstiftungen-ka.de\/jugendstiftung\/wp-json\/wp\/v2\/users\/2"}],"replies":[{"embeddable":true,"href":"https:\/\/sparkassenstiftungen-ka.de\/jugendstiftung\/wp-json\/wp\/v2\/comments?post=3271"}],"version-history":[{"count":2,"href":"https:\/\/sparkassenstiftungen-ka.de\/jugendstiftung\/wp-json\/wp\/v2\/pages\/3271\/revisions"}],"predecessor-version":[{"id":3286,"href":"https:\/\/sparkassenstiftungen-ka.de\/jugendstiftung\/wp-json\/wp\/v2\/pages\/3271\/revisions\/3286"}],"up":[{"embeddable":true,"href":"https:\/\/sparkassenstiftungen-ka.de\/jugendstiftung\/wp-json\/wp\/v2\/pages\/3237"}],"wp:featuredmedia":[{"embeddable":true,"href":"https:\/\/sparkassenstiftungen-ka.de\/jugendstiftung\/wp-json\/wp\/v2\/media\/2904"}],"wp:attachment":[{"href":"https:\/\/sparkassenstiftungen-ka.de\/jugendstiftung\/wp-json\/wp\/v2\/media?parent=3271"}],"curies":[{"name":"wp","href":"https:\/\/api.w.org\/{rel}","templated":true}]}}