{"id":3269,"date":"2023-10-19T11:40:05","date_gmt":"2023-10-19T09:40:05","guid":{"rendered":"https:\/\/sparkassenstiftungen-ka.de\/jugendstiftung\/?page_id=3269"},"modified":"2023-10-19T12:39:36","modified_gmt":"2023-10-19T10:39:36","slug":"leichtathletik-in-aktion","status":"publish","type":"page","link":"https:\/\/sparkassenstiftungen-ka.de\/jugendstiftung\/sportfoerderung\/leichtathletik-in-aktion\/","title":{"rendered":"Leichtathletik in Aktion"},"content":{"rendered":"\n<h2 class=\"gb-headline gb-headline-260cbf02 gb-headline-text\">Leichtathletik in Aktion<\/h2>\n\n\n\n<div class=\"gb-grid-wrapper gb-grid-wrapper-9dc591a5 gb-query-loop-wrapper\">\n<div class=\"gb-grid-column gb-grid-column-55d15109 gb-query-loop-item post-4005 post type-post status-publish format-standard has-post-thumbnail hentry category-leichtathletik-in-aktion\"><div class=\"gb-container gb-container-55d15109\">\n<figure class=\"gb-block-image gb-block-image-d592533d\"><a href=\"https:\/\/sparkassenstiftungen-ka.de\/jugendstiftung\/sportfoerderung\/leichtathletik-in-aktion\/leichtathletik-in-aktion-2025\/\"><img loading=\"lazy\" decoding=\"async\" width=\"1200\" height=\"700\" src=\"https:\/\/sparkassenstiftungen-ka.de\/jugendstiftung\/wp-content\/uploads\/sites\/2\/2025\/07\/LA-in-Aktion-2025-02.webp\" class=\"gb-image-d592533d\" alt=\"Leichtathletik in Aktion 2025\" srcset=\"https:\/\/sparkassenstiftungen-ka.de\/jugendstiftung\/wp-content\/uploads\/sites\/2\/2025\/07\/LA-in-Aktion-2025-02.webp 1200w, https:\/\/sparkassenstiftungen-ka.de\/jugendstiftung\/wp-content\/uploads\/sites\/2\/2025\/07\/LA-in-Aktion-2025-02-300x175.webp 300w, https:\/\/sparkassenstiftungen-ka.de\/jugendstiftung\/wp-content\/uploads\/sites\/2\/2025\/07\/LA-in-Aktion-2025-02-1024x597.webp 1024w, https:\/\/sparkassenstiftungen-ka.de\/jugendstiftung\/wp-content\/uploads\/sites\/2\/2025\/07\/LA-in-Aktion-2025-02-768x448.webp 768w\" sizes=\"auto, (max-width: 1200px) 100vw, 1200px\" \/><\/a><\/figure>\n\n<h2 class=\"gb-headline gb-headline-46b49b0c gb-headline-text\"><a href=\"https:\/\/sparkassenstiftungen-ka.de\/jugendstiftung\/sportfoerderung\/leichtathletik-in-aktion\/leichtathletik-in-aktion-2025\/\">\u201eLeichtathletik in Aktion\u201c begeistert \u00fcber 400 Grundschulkinder im Carl-Kaufmann-Stadion<\/a><\/h2>\n\n<div class=\"gb-headline gb-headline-12dd70d8 gb-headline-text\">Am 16. Juli 2025 verwandelte sich das Carl-Kaufmann-Stadion in Karlsruhe zum 16. Mal in eine gro\u00dfe Bewegungsarena f\u00fcr Grundschulkinder. Unter dem Motto \u201eLeichtathletik in Aktion\u201c &#8230; <a title=\"\u201eLeichtathletik in Aktion\u201c begeistert \u00fcber 400 Grundschulkinder im Carl-Kaufmann-Stadion\" class=\"read-more\" href=\"https:\/\/sparkassenstiftungen-ka.de\/jugendstiftung\/sportfoerderung\/leichtathletik-in-aktion\/leichtathletik-in-aktion-2025\/\" aria-label=\"Mehr Informationen \u00fcber \u201eLeichtathletik in Aktion\u201c begeistert \u00fcber 400 Grundschulkinder im Carl-Kaufmann-Stadion\">Weiterlesen &#8230;<\/a><\/div>\n<\/div><\/div>\n\n<div class=\"gb-grid-column gb-grid-column-55d15109 gb-query-loop-item post-3588 post type-post status-publish format-standard has-post-thumbnail hentry category-leichtathletik-in-aktion\"><div class=\"gb-container gb-container-55d15109\">\n<figure class=\"gb-block-image gb-block-image-d592533d\"><a href=\"https:\/\/sparkassenstiftungen-ka.de\/jugendstiftung\/sportfoerderung\/leichtathletik-in-aktion\/15-leichtathletik-in-aktion-2024\/\"><img loading=\"lazy\" decoding=\"async\" width=\"1200\" height=\"700\" src=\"https:\/\/sparkassenstiftungen-ka.de\/jugendstiftung\/wp-content\/uploads\/sites\/2\/2024\/07\/Leichtathletik-in-Aktion-2024-Header.webp\" class=\"gb-image-d592533d\" alt=\"15. Leichtathletik in Aktion 2024\" srcset=\"https:\/\/sparkassenstiftungen-ka.de\/jugendstiftung\/wp-content\/uploads\/sites\/2\/2024\/07\/Leichtathletik-in-Aktion-2024-Header.webp 1200w, https:\/\/sparkassenstiftungen-ka.de\/jugendstiftung\/wp-content\/uploads\/sites\/2\/2024\/07\/Leichtathletik-in-Aktion-2024-Header-300x175.webp 300w, https:\/\/sparkassenstiftungen-ka.de\/jugendstiftung\/wp-content\/uploads\/sites\/2\/2024\/07\/Leichtathletik-in-Aktion-2024-Header-1024x597.webp 1024w, https:\/\/sparkassenstiftungen-ka.de\/jugendstiftung\/wp-content\/uploads\/sites\/2\/2024\/07\/Leichtathletik-in-Aktion-2024-Header-768x448.webp 768w\" sizes=\"auto, (max-width: 1200px) 100vw, 1200px\" \/><\/a><\/figure>\n\n<h2 class=\"gb-headline gb-headline-46b49b0c gb-headline-text\"><a href=\"https:\/\/sparkassenstiftungen-ka.de\/jugendstiftung\/sportfoerderung\/leichtathletik-in-aktion\/15-leichtathletik-in-aktion-2024\/\">15. Leichtathletik in Aktion 2024<\/a><\/h2>\n\n<div class=\"gb-headline gb-headline-12dd70d8 gb-headline-text\">\u201eLeichtathletik in Aktion\u201c. Hier geht es nicht darum, wie schnell man 50 Meter l\u00e4uft, wie weit oder wie hoch man springt. Was hier z\u00e4hlt, ist &#8230; <a title=\"15. Leichtathletik in Aktion 2024\" class=\"read-more\" href=\"https:\/\/sparkassenstiftungen-ka.de\/jugendstiftung\/sportfoerderung\/leichtathletik-in-aktion\/15-leichtathletik-in-aktion-2024\/\" aria-label=\"Mehr Informationen \u00fcber 15. Leichtathletik in Aktion 2024\">Weiterlesen &#8230;<\/a><\/div>\n<\/div><\/div>\n\n<div class=\"gb-grid-column gb-grid-column-55d15109 gb-query-loop-item post-3121 post type-post status-publish format-standard has-post-thumbnail hentry category-leichtathletik-in-aktion\"><div class=\"gb-container gb-container-55d15109\">\n<figure class=\"gb-block-image gb-block-image-d592533d\"><a href=\"https:\/\/sparkassenstiftungen-ka.de\/jugendstiftung\/sportfoerderung\/leichtathletik-in-aktion\/leichtathletik-in-aktion-2019\/\"><img loading=\"lazy\" decoding=\"async\" width=\"1200\" height=\"737\" src=\"https:\/\/sparkassenstiftungen-ka.de\/jugendstiftung\/wp-content\/uploads\/sites\/2\/2023\/10\/LA-in-Aktion-2019.jpg\" class=\"gb-image-d592533d\" alt=\"14. Leichtathletik in Aktion 2019\" srcset=\"https:\/\/sparkassenstiftungen-ka.de\/jugendstiftung\/wp-content\/uploads\/sites\/2\/2023\/10\/LA-in-Aktion-2019.jpg 1200w, https:\/\/sparkassenstiftungen-ka.de\/jugendstiftung\/wp-content\/uploads\/sites\/2\/2023\/10\/LA-in-Aktion-2019-300x184.jpg 300w, https:\/\/sparkassenstiftungen-ka.de\/jugendstiftung\/wp-content\/uploads\/sites\/2\/2023\/10\/LA-in-Aktion-2019-1024x629.jpg 1024w, https:\/\/sparkassenstiftungen-ka.de\/jugendstiftung\/wp-content\/uploads\/sites\/2\/2023\/10\/LA-in-Aktion-2019-768x472.jpg 768w\" sizes=\"auto, (max-width: 1200px) 100vw, 1200px\" \/><\/a><\/figure>\n\n<h2 class=\"gb-headline gb-headline-46b49b0c gb-headline-text\"><a href=\"https:\/\/sparkassenstiftungen-ka.de\/jugendstiftung\/sportfoerderung\/leichtathletik-in-aktion\/leichtathletik-in-aktion-2019\/\">Leichtathletik in Aktion 2019<\/a><\/h2>\n\n<div class=\"gb-headline gb-headline-12dd70d8 gb-headline-text\">Ein strahlend blauer Himmel \u00fcber dem Carl-Kaufmann-Stadion in Karlsruhe-Beiertheim und 400 hoch motivierte Drittkl\u00e4ssler boten optimale Voraussetzungen f\u00fcr das Sportfest \u201eLeichtathletik in Aktion\u201c, das die &#8230; <a title=\"Leichtathletik in Aktion 2019\" class=\"read-more\" href=\"https:\/\/sparkassenstiftungen-ka.de\/jugendstiftung\/sportfoerderung\/leichtathletik-in-aktion\/leichtathletik-in-aktion-2019\/\" aria-label=\"Mehr Informationen \u00fcber Leichtathletik in Aktion 2019\">Weiterlesen &#8230;<\/a><\/div>\n<\/div><\/div>\n\n<div class=\"gb-grid-column gb-grid-column-55d15109 gb-query-loop-item post-3124 post type-post status-publish format-standard has-post-thumbnail hentry category-leichtathletik-in-aktion\"><div class=\"gb-container gb-container-55d15109\">\n<figure class=\"gb-block-image gb-block-image-d592533d\"><a href=\"https:\/\/sparkassenstiftungen-ka.de\/jugendstiftung\/sportfoerderung\/leichtathletik-in-aktion\/leichtathletik-in-aktion-2018\/\"><img loading=\"lazy\" decoding=\"async\" width=\"1200\" height=\"770\" src=\"https:\/\/sparkassenstiftungen-ka.de\/jugendstiftung\/wp-content\/uploads\/sites\/2\/2023\/10\/leichtathletik-in-aktion-2018.jpg\" class=\"gb-image-d592533d\" alt=\"Leichtathletik in Aktion 2018\" srcset=\"https:\/\/sparkassenstiftungen-ka.de\/jugendstiftung\/wp-content\/uploads\/sites\/2\/2023\/10\/leichtathletik-in-aktion-2018.jpg 1200w, https:\/\/sparkassenstiftungen-ka.de\/jugendstiftung\/wp-content\/uploads\/sites\/2\/2023\/10\/leichtathletik-in-aktion-2018-300x193.jpg 300w, https:\/\/sparkassenstiftungen-ka.de\/jugendstiftung\/wp-content\/uploads\/sites\/2\/2023\/10\/leichtathletik-in-aktion-2018-1024x657.jpg 1024w, https:\/\/sparkassenstiftungen-ka.de\/jugendstiftung\/wp-content\/uploads\/sites\/2\/2023\/10\/leichtathletik-in-aktion-2018-768x493.jpg 768w\" sizes=\"auto, (max-width: 1200px) 100vw, 1200px\" \/><\/a><\/figure>\n\n<h2 class=\"gb-headline gb-headline-46b49b0c gb-headline-text\"><a href=\"https:\/\/sparkassenstiftungen-ka.de\/jugendstiftung\/sportfoerderung\/leichtathletik-in-aktion\/leichtathletik-in-aktion-2018\/\">Leichtathletik in Aktion 2018<\/a><\/h2>\n\n<div class=\"gb-headline gb-headline-12dd70d8 gb-headline-text\">F\u00fcr 420 Kinder hat sich die 13 als eine absolute Gl\u00fcckszahl erwiesen. Sie durften am 13. Sportfest \u201eLeichtathletik in Aktion\u201c teilnehmen und hatten jede Menge &#8230; <a title=\"Leichtathletik in Aktion 2018\" class=\"read-more\" href=\"https:\/\/sparkassenstiftungen-ka.de\/jugendstiftung\/sportfoerderung\/leichtathletik-in-aktion\/leichtathletik-in-aktion-2018\/\" aria-label=\"Mehr Informationen \u00fcber Leichtathletik in Aktion 2018\">Weiterlesen &#8230;<\/a><\/div>\n<\/div><\/div>\n<\/div>\n","protected":false},"excerpt":{"rendered":"<p>Leichtathletik in Aktion<\/p>\n","protected":false},"author":2,"featured_media":3125,"parent":3237,"menu_order":0,"comment_status":"closed","ping_status":"closed","template":"","meta":{"footnotes":""},"class_list":{"0":"post-3269","1":"page","2":"type-page","3":"status-publish","4":"has-post-thumbnail","6":"resize-featured-image"},"_links":{"self":[{"href":"https:\/\/sparkassenstiftungen-ka.de\/jugendstiftung\/wp-json\/wp\/v2\/pages\/3269","targetHints":{"allow":["GET"]}}],"collection":[{"href":"https:\/\/sparkassenstiftungen-ka.de\/jugendstiftung\/wp-json\/wp\/v2\/pages"}],"about":[{"href":"https:\/\/sparkassenstiftungen-ka.de\/jugendstiftung\/wp-json\/wp\/v2\/types\/page"}],"author":[{"embeddable":true,"href":"https:\/\/sparkassenstiftungen-ka.de\/jugendstiftung\/wp-json\/wp\/v2\/users\/2"}],"replies":[{"embeddable":true,"href":"https:\/\/sparkassenstiftungen-ka.de\/jugendstiftung\/wp-json\/wp\/v2\/comments?post=3269"}],"version-history":[{"count":2,"href":"https:\/\/sparkassenstiftungen-ka.de\/jugendstiftung\/wp-json\/wp\/v2\/pages\/3269\/revisions"}],"predecessor-version":[{"id":3285,"href":"https:\/\/sparkassenstiftungen-ka.de\/jugendstiftung\/wp-json\/wp\/v2\/pages\/3269\/revisions\/3285"}],"up":[{"embeddable":true,"href":"https:\/\/sparkassenstiftungen-ka.de\/jugendstiftung\/wp-json\/wp\/v2\/pages\/3237"}],"wp:featuredmedia":[{"embeddable":true,"href":"https:\/\/sparkassenstiftungen-ka.de\/jugendstiftung\/wp-json\/wp\/v2\/media\/3125"}],"wp:attachment":[{"href":"https:\/\/sparkassenstiftungen-ka.de\/jugendstiftung\/wp-json\/wp\/v2\/media?parent=3269"}],"curies":[{"name":"wp","href":"https:\/\/api.w.org\/{rel}","templated":true}]}}