{"id":3267,"date":"2023-10-19T11:39:29","date_gmt":"2023-10-19T09:39:29","guid":{"rendered":"https:\/\/sparkassenstiftungen-ka.de\/jugendstiftung\/?page_id=3267"},"modified":"2023-10-19T12:56:26","modified_gmt":"2023-10-19T10:56:26","slug":"basketball-meisterschaften","status":"publish","type":"page","link":"https:\/\/sparkassenstiftungen-ka.de\/jugendstiftung\/sportfoerderung\/basketball-meisterschaften\/","title":{"rendered":"Basketball-Meisterschaften"},"content":{"rendered":"\n<h2 class=\"gb-headline gb-headline-260cbf02 gb-headline-text\">Basketball-Meisterschaften<\/h2>\n\n\n\n<div class=\"gb-grid-wrapper gb-grid-wrapper-9dc591a5 gb-query-loop-wrapper\">\n<div class=\"gb-grid-column gb-grid-column-55d15109 gb-query-loop-item post-4219 post type-post status-publish format-standard has-post-thumbnail hentry category-basketball-meisterschaften\"><div class=\"gb-container gb-container-55d15109\">\n<figure class=\"gb-block-image gb-block-image-d592533d\"><a href=\"https:\/\/sparkassenstiftungen-ka.de\/jugendstiftung\/sportfoerderung\/basketball-meisterschaften\/33-schueler-basketball-meisterschaften\/\"><img loading=\"lazy\" decoding=\"async\" width=\"1200\" height=\"700\" src=\"https:\/\/sparkassenstiftungen-ka.de\/jugendstiftung\/wp-content\/uploads\/sites\/2\/2026\/03\/basketball-2026-header.webp\" class=\"gb-image-d592533d\" alt=\"33. Sch\u00fcler-Basketball-Meisterschaften 2026\" srcset=\"https:\/\/sparkassenstiftungen-ka.de\/jugendstiftung\/wp-content\/uploads\/sites\/2\/2026\/03\/basketball-2026-header.webp 1200w, https:\/\/sparkassenstiftungen-ka.de\/jugendstiftung\/wp-content\/uploads\/sites\/2\/2026\/03\/basketball-2026-header-300x175.webp 300w, https:\/\/sparkassenstiftungen-ka.de\/jugendstiftung\/wp-content\/uploads\/sites\/2\/2026\/03\/basketball-2026-header-1024x597.webp 1024w, https:\/\/sparkassenstiftungen-ka.de\/jugendstiftung\/wp-content\/uploads\/sites\/2\/2026\/03\/basketball-2026-header-768x448.webp 768w\" sizes=\"auto, (max-width: 1200px) 100vw, 1200px\" \/><\/a><\/figure>\n\n<h2 class=\"gb-headline gb-headline-46b49b0c gb-headline-text\"><a href=\"https:\/\/sparkassenstiftungen-ka.de\/jugendstiftung\/sportfoerderung\/basketball-meisterschaften\/33-schueler-basketball-meisterschaften\/\">33. Sch\u00fcler-Basketball-Meisterschaften<\/a><\/h2>\n\n<div class=\"gb-headline gb-headline-12dd70d8 gb-headline-text\">Die unter dem Titel School Cup Karlsruhe 2026 durchgef\u00fchrten Sch\u00fcler-Basketball-Meisterschaften der Jugendstiftung der Sparkasse Karlsruhe fanden am 25. und 26. M\u00e4rz in der Europahalle Karlsruhe &#8230; <a title=\"33. Sch\u00fcler-Basketball-Meisterschaften\" class=\"read-more\" href=\"https:\/\/sparkassenstiftungen-ka.de\/jugendstiftung\/sportfoerderung\/basketball-meisterschaften\/33-schueler-basketball-meisterschaften\/\" aria-label=\"Mehr Informationen \u00fcber 33. Sch\u00fcler-Basketball-Meisterschaften\">Weiterlesen &#8230;<\/a><\/div>\n<\/div><\/div>\n\n<div class=\"gb-grid-column gb-grid-column-55d15109 gb-query-loop-item post-3831 post type-post status-publish format-standard has-post-thumbnail hentry category-basketball-meisterschaften\"><div class=\"gb-container gb-container-55d15109\">\n<figure class=\"gb-block-image gb-block-image-d592533d\"><a href=\"https:\/\/sparkassenstiftungen-ka.de\/jugendstiftung\/sportfoerderung\/basketball-meisterschaften\/schueler-basketball-meisterschaften-2025\/\"><img loading=\"lazy\" decoding=\"async\" width=\"1200\" height=\"600\" src=\"https:\/\/sparkassenstiftungen-ka.de\/jugendstiftung\/wp-content\/uploads\/sites\/2\/2025\/04\/basketball-2025-titel.webp\" class=\"gb-image-d592533d\" alt=\"Basketball Meisterschaften 2025\" srcset=\"https:\/\/sparkassenstiftungen-ka.de\/jugendstiftung\/wp-content\/uploads\/sites\/2\/2025\/04\/basketball-2025-titel.webp 1200w, https:\/\/sparkassenstiftungen-ka.de\/jugendstiftung\/wp-content\/uploads\/sites\/2\/2025\/04\/basketball-2025-titel-300x150.webp 300w, https:\/\/sparkassenstiftungen-ka.de\/jugendstiftung\/wp-content\/uploads\/sites\/2\/2025\/04\/basketball-2025-titel-1024x512.webp 1024w, https:\/\/sparkassenstiftungen-ka.de\/jugendstiftung\/wp-content\/uploads\/sites\/2\/2025\/04\/basketball-2025-titel-768x384.webp 768w\" sizes=\"auto, (max-width: 1200px) 100vw, 1200px\" \/><\/a><\/figure>\n\n<h2 class=\"gb-headline gb-headline-46b49b0c gb-headline-text\"><a href=\"https:\/\/sparkassenstiftungen-ka.de\/jugendstiftung\/sportfoerderung\/basketball-meisterschaften\/schueler-basketball-meisterschaften-2025\/\">Sch\u00fcler-Basketball-Meisterschaften 2025<\/a><\/h2>\n\n<div class=\"gb-headline gb-headline-12dd70d8 gb-headline-text\">Nach f\u00fcnf Jahren Abwesenheit zur\u00fcck in der Europahalle! Am 10. April 2025 ging es f\u00fcr die Sch\u00fcler:innen aus 42 Teams von insgesamt 21 Schulen wieder &#8230; <a title=\"Sch\u00fcler-Basketball-Meisterschaften 2025\" class=\"read-more\" href=\"https:\/\/sparkassenstiftungen-ka.de\/jugendstiftung\/sportfoerderung\/basketball-meisterschaften\/schueler-basketball-meisterschaften-2025\/\" aria-label=\"Mehr Informationen \u00fcber Sch\u00fcler-Basketball-Meisterschaften 2025\">Weiterlesen &#8230;<\/a><\/div>\n<\/div><\/div>\n\n<div class=\"gb-grid-column gb-grid-column-55d15109 gb-query-loop-item post-3378 post type-post status-publish format-standard has-post-thumbnail hentry category-basketball-meisterschaften\"><div class=\"gb-container gb-container-55d15109\">\n<figure class=\"gb-block-image gb-block-image-d592533d\"><a href=\"https:\/\/sparkassenstiftungen-ka.de\/jugendstiftung\/sportfoerderung\/basketball-meisterschaften\/31-schueler-basketball-meisterschaften-2024\/\"><img loading=\"lazy\" decoding=\"async\" width=\"1200\" height=\"700\" src=\"https:\/\/sparkassenstiftungen-ka.de\/jugendstiftung\/wp-content\/uploads\/sites\/2\/2024\/03\/schueler-basketball-meisterschaften-2024-v2.webp\" class=\"gb-image-d592533d\" alt=\"Sch\u00fcler Basketball Meisterschaften 2024\" srcset=\"https:\/\/sparkassenstiftungen-ka.de\/jugendstiftung\/wp-content\/uploads\/sites\/2\/2024\/03\/schueler-basketball-meisterschaften-2024-v2.webp 1200w, https:\/\/sparkassenstiftungen-ka.de\/jugendstiftung\/wp-content\/uploads\/sites\/2\/2024\/03\/schueler-basketball-meisterschaften-2024-v2-300x175.webp 300w, https:\/\/sparkassenstiftungen-ka.de\/jugendstiftung\/wp-content\/uploads\/sites\/2\/2024\/03\/schueler-basketball-meisterschaften-2024-v2-1024x597.webp 1024w, https:\/\/sparkassenstiftungen-ka.de\/jugendstiftung\/wp-content\/uploads\/sites\/2\/2024\/03\/schueler-basketball-meisterschaften-2024-v2-768x448.webp 768w\" sizes=\"auto, (max-width: 1200px) 100vw, 1200px\" \/><\/a><\/figure>\n\n<h2 class=\"gb-headline gb-headline-46b49b0c gb-headline-text\"><a href=\"https:\/\/sparkassenstiftungen-ka.de\/jugendstiftung\/sportfoerderung\/basketball-meisterschaften\/31-schueler-basketball-meisterschaften-2024\/\">31. Sch\u00fcler-Basketball-Meisterschaften 2024<\/a><\/h2>\n\n<div class=\"gb-headline gb-headline-12dd70d8 gb-headline-text\">Dabei sein ist alles! Zum 31. Mal fanden am 12. M\u00e4rz 2024 die Sch\u00fcler-Basketball-Meisterschaften statt. Gemeinsam mit ihrem Kooperationspartner, den PS Karlsruhe Lions, konnte die &#8230; <a title=\"31. Sch\u00fcler-Basketball-Meisterschaften 2024\" class=\"read-more\" href=\"https:\/\/sparkassenstiftungen-ka.de\/jugendstiftung\/sportfoerderung\/basketball-meisterschaften\/31-schueler-basketball-meisterschaften-2024\/\" aria-label=\"Mehr Informationen \u00fcber 31. Sch\u00fcler-Basketball-Meisterschaften 2024\">Weiterlesen &#8230;<\/a><\/div>\n<\/div><\/div>\n\n<div class=\"gb-grid-column gb-grid-column-55d15109 gb-query-loop-item post-2833 post type-post status-publish format-standard has-post-thumbnail hentry category-basketball-meisterschaften\"><div class=\"gb-container gb-container-55d15109\">\n<figure class=\"gb-block-image gb-block-image-d592533d\"><a href=\"https:\/\/sparkassenstiftungen-ka.de\/jugendstiftung\/sportfoerderung\/basketball-meisterschaften\/30-schueler-basketball-meisterschaften\/\"><img loading=\"lazy\" decoding=\"async\" width=\"1200\" height=\"700\" src=\"https:\/\/sparkassenstiftungen-ka.de\/jugendstiftung\/wp-content\/uploads\/sites\/2\/2023\/10\/B-Jungen_Platz-1_Ludwig-Marum-Gymnasium_2.jpg\" class=\"gb-image-d592533d\" alt=\"WK B - Jungen 1. Platz: Ludwig-Marum-Gymnasium Pfinztal\" srcset=\"https:\/\/sparkassenstiftungen-ka.de\/jugendstiftung\/wp-content\/uploads\/sites\/2\/2023\/10\/B-Jungen_Platz-1_Ludwig-Marum-Gymnasium_2.jpg 1200w, https:\/\/sparkassenstiftungen-ka.de\/jugendstiftung\/wp-content\/uploads\/sites\/2\/2023\/10\/B-Jungen_Platz-1_Ludwig-Marum-Gymnasium_2-300x175.jpg 300w, https:\/\/sparkassenstiftungen-ka.de\/jugendstiftung\/wp-content\/uploads\/sites\/2\/2023\/10\/B-Jungen_Platz-1_Ludwig-Marum-Gymnasium_2-1024x597.jpg 1024w, https:\/\/sparkassenstiftungen-ka.de\/jugendstiftung\/wp-content\/uploads\/sites\/2\/2023\/10\/B-Jungen_Platz-1_Ludwig-Marum-Gymnasium_2-768x448.jpg 768w\" sizes=\"auto, (max-width: 1200px) 100vw, 1200px\" \/><\/a><\/figure>\n\n<h2 class=\"gb-headline gb-headline-46b49b0c gb-headline-text\"><a href=\"https:\/\/sparkassenstiftungen-ka.de\/jugendstiftung\/sportfoerderung\/basketball-meisterschaften\/30-schueler-basketball-meisterschaften\/\">30. Sch\u00fcler-Basketball-Meisterschaften<\/a><\/h2>\n\n<div class=\"gb-headline gb-headline-12dd70d8 gb-headline-text\">Endlich wieder Basketball! Nach drei Jahren Corona-Pause feierten die Sch\u00fcler-Basketball-Meisterschaften am 21. April 2023 ein erfolgreiches Comeback. Gemeinsam mit ihrem Kooperationspartner, den PSK Lions, konnte &#8230; <a title=\"30. Sch\u00fcler-Basketball-Meisterschaften\" class=\"read-more\" href=\"https:\/\/sparkassenstiftungen-ka.de\/jugendstiftung\/sportfoerderung\/basketball-meisterschaften\/30-schueler-basketball-meisterschaften\/\" aria-label=\"Mehr Informationen \u00fcber 30. Sch\u00fcler-Basketball-Meisterschaften\">Weiterlesen &#8230;<\/a><\/div>\n<\/div><\/div>\n<\/div>\n","protected":false},"excerpt":{"rendered":"<p>Basketball-Meisterschaften<\/p>\n","protected":false},"author":2,"featured_media":3119,"parent":3237,"menu_order":0,"comment_status":"closed","ping_status":"closed","template":"","meta":{"footnotes":""},"class_list":{"0":"post-3267","1":"page","2":"type-page","3":"status-publish","4":"has-post-thumbnail","6":"resize-featured-image"},"_links":{"self":[{"href":"https:\/\/sparkassenstiftungen-ka.de\/jugendstiftung\/wp-json\/wp\/v2\/pages\/3267","targetHints":{"allow":["GET"]}}],"collection":[{"href":"https:\/\/sparkassenstiftungen-ka.de\/jugendstiftung\/wp-json\/wp\/v2\/pages"}],"about":[{"href":"https:\/\/sparkassenstiftungen-ka.de\/jugendstiftung\/wp-json\/wp\/v2\/types\/page"}],"author":[{"embeddable":true,"href":"https:\/\/sparkassenstiftungen-ka.de\/jugendstiftung\/wp-json\/wp\/v2\/users\/2"}],"replies":[{"embeddable":true,"href":"https:\/\/sparkassenstiftungen-ka.de\/jugendstiftung\/wp-json\/wp\/v2\/comments?post=3267"}],"version-history":[{"count":3,"href":"https:\/\/sparkassenstiftungen-ka.de\/jugendstiftung\/wp-json\/wp\/v2\/pages\/3267\/revisions"}],"predecessor-version":[{"id":3284,"href":"https:\/\/sparkassenstiftungen-ka.de\/jugendstiftung\/wp-json\/wp\/v2\/pages\/3267\/revisions\/3284"}],"up":[{"embeddable":true,"href":"https:\/\/sparkassenstiftungen-ka.de\/jugendstiftung\/wp-json\/wp\/v2\/pages\/3237"}],"wp:featuredmedia":[{"embeddable":true,"href":"https:\/\/sparkassenstiftungen-ka.de\/jugendstiftung\/wp-json\/wp\/v2\/media\/3119"}],"wp:attachment":[{"href":"https:\/\/sparkassenstiftungen-ka.de\/jugendstiftung\/wp-json\/wp\/v2\/media?parent=3267"}],"curies":[{"name":"wp","href":"https:\/\/api.w.org\/{rel}","templated":true}]}}