{"id":3202,"date":"2023-10-18T09:04:55","date_gmt":"2023-10-18T07:04:55","guid":{"rendered":"https:\/\/sparkassenstiftungen-ka.de\/jugendstiftung\/?page_id=3202"},"modified":"2023-10-19T10:21:42","modified_gmt":"2023-10-19T08:21:42","slug":"lehr-lern-labor-physik-phyla","status":"publish","type":"page","link":"https:\/\/sparkassenstiftungen-ka.de\/jugendstiftung\/forschen\/lehr-lern-labor-physik-phyla\/","title":{"rendered":"Lehr-Lern-Labor Physik: PHyLa"},"content":{"rendered":"\n<figure class=\"wp-block-image size-full\"><img loading=\"lazy\" decoding=\"async\" width=\"1920\" height=\"1280\" src=\"https:\/\/sparkassenstiftungen-ka.de\/jugendstiftung\/wp-content\/uploads\/sites\/2\/2023\/10\/titel-lern-labor-physik.jpg\" alt=\"Lehr-Lern-Labor Physik: PHyLa\" class=\"wp-image-3230\" srcset=\"https:\/\/sparkassenstiftungen-ka.de\/jugendstiftung\/wp-content\/uploads\/sites\/2\/2023\/10\/titel-lern-labor-physik.jpg 1920w, https:\/\/sparkassenstiftungen-ka.de\/jugendstiftung\/wp-content\/uploads\/sites\/2\/2023\/10\/titel-lern-labor-physik-300x200.jpg 300w, https:\/\/sparkassenstiftungen-ka.de\/jugendstiftung\/wp-content\/uploads\/sites\/2\/2023\/10\/titel-lern-labor-physik-1024x683.jpg 1024w, https:\/\/sparkassenstiftungen-ka.de\/jugendstiftung\/wp-content\/uploads\/sites\/2\/2023\/10\/titel-lern-labor-physik-768x512.jpg 768w, https:\/\/sparkassenstiftungen-ka.de\/jugendstiftung\/wp-content\/uploads\/sites\/2\/2023\/10\/titel-lern-labor-physik-1536x1024.jpg 1536w\" sizes=\"auto, (max-width: 1920px) 100vw, 1920px\" \/><figcaption class=\"wp-element-caption\">Neue Wege in der Vermittlung von Physik geht die PH Karlsruhe mit ihrem PHyla (Fotos: PH Karlsruhe).<\/figcaption><\/figure>\n\n\n\n<p>Seit Oktober 2022 besitzt die P\u00e4dagogische Hochschule Karlsruhe (PH) ein weiteres Lehr-Lern-Labor: PHyLa am Institut f\u00fcr Physik und Technische Bildung. Es ist zum einen ein au\u00dferschulischer Lernort zu Themen der Physik f\u00fcr Sch\u00fclerinnen und Sch\u00fcler im Gro\u00dfraum Karlsruhe. Zum anderen k\u00f6nnen die Studierenden hier erste Erfahrungen im Lehren von Physik sammeln.<\/p>\n\n\n\n<p>Mit einer gro\u00dfz\u00fcgigen Spende hat die Jugendstiftung den Start der innovativen und wegweisenden Einrichtung unterst\u00fctzt, die \u00fcber die Wissensvermittlung hinaus vor allem auch die Begeisterung f\u00fcr physikalische Themen f\u00f6rdern will.<\/p>\n\n\n\n<p>PHyLa richtet sich an alle Schularten und Klassenstufen. Der Schwerpunkt liegt in der Sekundarstufe I und dem Primarbereich. Durch die Kooperation mit dem KIT f\u00fchrt PHyLa aber auch Projekte f\u00fcr die Sekundarstufe II durch.<\/p>\n\n\n\n<p><a href=\"https:\/\/www.ph-karlsruhe.de\/projekte\/lehr-lern-labor-physik\">https:\/\/www.ph-karlsruhe.de\/projekte\/lehr-lern-labor-physik<\/a><\/p>\n\n\n\n<figure class=\"wp-block-image size-full\"><img loading=\"lazy\" decoding=\"async\" width=\"1200\" height=\"740\" src=\"https:\/\/sparkassenstiftungen-ka.de\/jugendstiftung\/wp-content\/uploads\/sites\/2\/2023\/10\/Lehr-Lern-Labor-Physik-2.jpg\" alt=\"Lehr-Lern-Labor Physik: PHyLa\" class=\"wp-image-3204\" srcset=\"https:\/\/sparkassenstiftungen-ka.de\/jugendstiftung\/wp-content\/uploads\/sites\/2\/2023\/10\/Lehr-Lern-Labor-Physik-2.jpg 1200w, https:\/\/sparkassenstiftungen-ka.de\/jugendstiftung\/wp-content\/uploads\/sites\/2\/2023\/10\/Lehr-Lern-Labor-Physik-2-300x185.jpg 300w, https:\/\/sparkassenstiftungen-ka.de\/jugendstiftung\/wp-content\/uploads\/sites\/2\/2023\/10\/Lehr-Lern-Labor-Physik-2-1024x631.jpg 1024w, https:\/\/sparkassenstiftungen-ka.de\/jugendstiftung\/wp-content\/uploads\/sites\/2\/2023\/10\/Lehr-Lern-Labor-Physik-2-768x474.jpg 768w\" sizes=\"auto, (max-width: 1200px) 100vw, 1200px\" \/><\/figure>\n","protected":false},"excerpt":{"rendered":"<p>Seit Oktober 2022 besitzt die P\u00e4dagogische Hochschule Karlsruhe (PH) ein weiteres Lehr-Lern-Labor: PHyLa am Institut f\u00fcr Physik und Technische Bildung. Es ist zum einen ein &#8230; <a title=\"Lehr-Lern-Labor Physik: PHyLa\" class=\"read-more\" href=\"https:\/\/sparkassenstiftungen-ka.de\/jugendstiftung\/forschen\/lehr-lern-labor-physik-phyla\/\" aria-label=\"Mehr Informationen \u00fcber Lehr-Lern-Labor Physik: PHyLa\">Weiterlesen &#8230;<\/a><\/p>\n","protected":false},"author":2,"featured_media":3230,"parent":3191,"menu_order":0,"comment_status":"closed","ping_status":"closed","template":"","meta":{"footnotes":""},"class_list":{"0":"post-3202","1":"page","2":"type-page","3":"status-publish","4":"has-post-thumbnail","6":"resize-featured-image"},"_links":{"self":[{"href":"https:\/\/sparkassenstiftungen-ka.de\/jugendstiftung\/wp-json\/wp\/v2\/pages\/3202","targetHints":{"allow":["GET"]}}],"collection":[{"href":"https:\/\/sparkassenstiftungen-ka.de\/jugendstiftung\/wp-json\/wp\/v2\/pages"}],"about":[{"href":"https:\/\/sparkassenstiftungen-ka.de\/jugendstiftung\/wp-json\/wp\/v2\/types\/page"}],"author":[{"embeddable":true,"href":"https:\/\/sparkassenstiftungen-ka.de\/jugendstiftung\/wp-json\/wp\/v2\/users\/2"}],"replies":[{"embeddable":true,"href":"https:\/\/sparkassenstiftungen-ka.de\/jugendstiftung\/wp-json\/wp\/v2\/comments?post=3202"}],"version-history":[{"count":2,"href":"https:\/\/sparkassenstiftungen-ka.de\/jugendstiftung\/wp-json\/wp\/v2\/pages\/3202\/revisions"}],"predecessor-version":[{"id":3231,"href":"https:\/\/sparkassenstiftungen-ka.de\/jugendstiftung\/wp-json\/wp\/v2\/pages\/3202\/revisions\/3231"}],"up":[{"embeddable":true,"href":"https:\/\/sparkassenstiftungen-ka.de\/jugendstiftung\/wp-json\/wp\/v2\/pages\/3191"}],"wp:featuredmedia":[{"embeddable":true,"href":"https:\/\/sparkassenstiftungen-ka.de\/jugendstiftung\/wp-json\/wp\/v2\/media\/3230"}],"wp:attachment":[{"href":"https:\/\/sparkassenstiftungen-ka.de\/jugendstiftung\/wp-json\/wp\/v2\/media?parent=3202"}],"curies":[{"name":"wp","href":"https:\/\/api.w.org\/{rel}","templated":true}]}}