{"id":3196,"date":"2023-10-19T08:52:22","date_gmt":"2023-10-19T06:52:22","guid":{"rendered":"https:\/\/sparkassenstiftungen-ka.de\/jugendstiftung\/?page_id=3196"},"modified":"2023-10-19T10:19:19","modified_gmt":"2023-10-19T08:19:19","slug":"kinderchemielabor-der-paedagogischen-hochschule-karlsruhe","status":"publish","type":"page","link":"https:\/\/sparkassenstiftungen-ka.de\/jugendstiftung\/forschen\/kinderchemielabor-der-paedagogischen-hochschule-karlsruhe\/","title":{"rendered":"Kinderchemielabor der P\u00e4dagogischen Hochschule Karlsruhe"},"content":{"rendered":"\n<figure class=\"wp-block-image size-full\"><img loading=\"lazy\" decoding=\"async\" width=\"1920\" height=\"1280\" src=\"https:\/\/sparkassenstiftungen-ka.de\/jugendstiftung\/wp-content\/uploads\/sites\/2\/2023\/10\/titel-kinderchemielabor.jpg\" alt=\"Kinderchemielabor\" class=\"wp-image-3225\" srcset=\"https:\/\/sparkassenstiftungen-ka.de\/jugendstiftung\/wp-content\/uploads\/sites\/2\/2023\/10\/titel-kinderchemielabor.jpg 1920w, https:\/\/sparkassenstiftungen-ka.de\/jugendstiftung\/wp-content\/uploads\/sites\/2\/2023\/10\/titel-kinderchemielabor-300x200.jpg 300w, https:\/\/sparkassenstiftungen-ka.de\/jugendstiftung\/wp-content\/uploads\/sites\/2\/2023\/10\/titel-kinderchemielabor-1024x683.jpg 1024w, https:\/\/sparkassenstiftungen-ka.de\/jugendstiftung\/wp-content\/uploads\/sites\/2\/2023\/10\/titel-kinderchemielabor-768x512.jpg 768w, https:\/\/sparkassenstiftungen-ka.de\/jugendstiftung\/wp-content\/uploads\/sites\/2\/2023\/10\/titel-kinderchemielabor-1536x1024.jpg 1536w\" sizes=\"auto, (max-width: 1920px) 100vw, 1920px\" \/><figcaption class=\"wp-element-caption\">Kinderchemielabor<\/figcaption><\/figure>\n\n\n\n<p>Gegr\u00fcndet wurde das Kinderchemielabor der P\u00e4dagogischen Hochschule Karlsruhe im Jahr 2006. Sein Ziel ist es, Kinder im Grundschulalter auf kindgerechte Weise an die Welt der Chemie heranzuf\u00fchren.<\/p>\n\n\n\n<p>Durch die F\u00f6rderung der Jugendstiftung k\u00f6nnen Kurse f\u00fcr durchschnittlich 50 Klassen pro Jahr angeboten und durchgef\u00fchrt werden. Professionell mit Kittel und Schutzbrille ausger\u00fcstet, f\u00fchren die Kinder unter der Anleitung von Studenten selbstst\u00e4ndig Experimente durch und lernen spielerisch wichtige Grundlagen der Chemie kennen.<\/p>\n","protected":false},"excerpt":{"rendered":"<p>Gegr\u00fcndet wurde das Kinderchemielabor der P\u00e4dagogischen Hochschule Karlsruhe im Jahr 2006. Sein Ziel ist es, Kinder im Grundschulalter auf kindgerechte Weise an die Welt der &#8230; <a title=\"Kinderchemielabor der P\u00e4dagogischen Hochschule Karlsruhe\" class=\"read-more\" href=\"https:\/\/sparkassenstiftungen-ka.de\/jugendstiftung\/forschen\/kinderchemielabor-der-paedagogischen-hochschule-karlsruhe\/\" aria-label=\"Mehr Informationen \u00fcber Kinderchemielabor der P\u00e4dagogischen Hochschule Karlsruhe\">Weiterlesen &#8230;<\/a><\/p>\n","protected":false},"author":2,"featured_media":3225,"parent":3191,"menu_order":0,"comment_status":"closed","ping_status":"closed","template":"","meta":{"footnotes":""},"class_list":{"0":"post-3196","1":"page","2":"type-page","3":"status-publish","4":"has-post-thumbnail","6":"resize-featured-image"},"_links":{"self":[{"href":"https:\/\/sparkassenstiftungen-ka.de\/jugendstiftung\/wp-json\/wp\/v2\/pages\/3196","targetHints":{"allow":["GET"]}}],"collection":[{"href":"https:\/\/sparkassenstiftungen-ka.de\/jugendstiftung\/wp-json\/wp\/v2\/pages"}],"about":[{"href":"https:\/\/sparkassenstiftungen-ka.de\/jugendstiftung\/wp-json\/wp\/v2\/types\/page"}],"author":[{"embeddable":true,"href":"https:\/\/sparkassenstiftungen-ka.de\/jugendstiftung\/wp-json\/wp\/v2\/users\/2"}],"replies":[{"embeddable":true,"href":"https:\/\/sparkassenstiftungen-ka.de\/jugendstiftung\/wp-json\/wp\/v2\/comments?post=3196"}],"version-history":[{"count":2,"href":"https:\/\/sparkassenstiftungen-ka.de\/jugendstiftung\/wp-json\/wp\/v2\/pages\/3196\/revisions"}],"predecessor-version":[{"id":3226,"href":"https:\/\/sparkassenstiftungen-ka.de\/jugendstiftung\/wp-json\/wp\/v2\/pages\/3196\/revisions\/3226"}],"up":[{"embeddable":true,"href":"https:\/\/sparkassenstiftungen-ka.de\/jugendstiftung\/wp-json\/wp\/v2\/pages\/3191"}],"wp:featuredmedia":[{"embeddable":true,"href":"https:\/\/sparkassenstiftungen-ka.de\/jugendstiftung\/wp-json\/wp\/v2\/media\/3225"}],"wp:attachment":[{"href":"https:\/\/sparkassenstiftungen-ka.de\/jugendstiftung\/wp-json\/wp\/v2\/media?parent=3196"}],"curies":[{"name":"wp","href":"https:\/\/api.w.org\/{rel}","templated":true}]}}