{"id":2976,"date":"2023-10-16T17:50:22","date_gmt":"2023-10-16T15:50:22","guid":{"rendered":"https:\/\/sparkassenstiftungen-ka.de\/jugendstiftung\/?page_id=2976"},"modified":"2023-10-19T08:44:37","modified_gmt":"2023-10-19T06:44:37","slug":"mein-koerper-gehoert-mir","status":"publish","type":"page","link":"https:\/\/sparkassenstiftungen-ka.de\/jugendstiftung\/mehr-wissen\/mein-koerper-gehoert-mir\/","title":{"rendered":"Pr\u00e4ventionstheater: \u201eMein K\u00f6rper geh\u00f6rt mir!\u201c"},"content":{"rendered":"\n<figure class=\"wp-block-image size-full\"><img loading=\"lazy\" decoding=\"async\" width=\"1539\" height=\"960\" src=\"https:\/\/sparkassenstiftungen-ka.de\/jugendstiftung\/wp-content\/uploads\/sites\/2\/2023\/10\/mein-koerper-gehoert-mir.jpg\" alt=\"Pr\u00e4ventionstheater: &quot;Mein K\u00f6rper geh\u00f6rt mir!&quot;\" class=\"wp-image-2977\" srcset=\"https:\/\/sparkassenstiftungen-ka.de\/jugendstiftung\/wp-content\/uploads\/sites\/2\/2023\/10\/mein-koerper-gehoert-mir.jpg 1539w, https:\/\/sparkassenstiftungen-ka.de\/jugendstiftung\/wp-content\/uploads\/sites\/2\/2023\/10\/mein-koerper-gehoert-mir-300x187.jpg 300w, https:\/\/sparkassenstiftungen-ka.de\/jugendstiftung\/wp-content\/uploads\/sites\/2\/2023\/10\/mein-koerper-gehoert-mir-1024x639.jpg 1024w, https:\/\/sparkassenstiftungen-ka.de\/jugendstiftung\/wp-content\/uploads\/sites\/2\/2023\/10\/mein-koerper-gehoert-mir-768x479.jpg 768w, https:\/\/sparkassenstiftungen-ka.de\/jugendstiftung\/wp-content\/uploads\/sites\/2\/2023\/10\/mein-koerper-gehoert-mir-1536x958.jpg 1536w\" sizes=\"auto, (max-width: 1539px) 100vw, 1539px\" \/><figcaption class=\"wp-element-caption\">Pr\u00e4ventionstheater: &#8222;Mein K\u00f6rper geh\u00f6rt mir!&#8220;<\/figcaption><\/figure>\n\n\n\n<p>Das Projekt &#8222;Mein K\u00f6rper geh\u00f6rt mir&#8220; ist ein pr\u00e4ventives Theaterst\u00fcck, das f\u00fcr Grundsch\u00fcler der 3. und 4. Klasse entwickelt wurde. Es sensibilisiert die Kinder f\u00fcr den Umgang mit sexueller Bel\u00e4stigung und st\u00e4rkt zugleich ihr K\u00f6rper- und Selbstbewusstsein. Konzipiert und durchgef\u00fchrt wird es von der Theaterp\u00e4dagogischen Werkstatt gGmbH, die damit neue Wege bei der Vermittlung dieses hochaktuellen und sensiblen Themas geht. In interaktiven Szenencollagen, in Alltagssituationen, Liedern und Gespr\u00e4chen werden die Kinder zur aktiven Mitarbeit aufgefordert. Auf spielerische Weise erwerben sie ein Bewusstsein daf\u00fcr, dass ihr K\u00f6rper ihr Eigentum ist, dass sie sich wehren und &#8222;nein&#8220; sagen d\u00fcrfen, wenn ihnen jemand zu nahe kommt.<\/p>\n\n\n\n<p>Zeitlicher Rahmen: 3 Unterrichtsstunden im Abstand von je 1 Woche.<\/p>\n\n\n\n<p>Zielgruppe: 3. und 4. Klassen der Grundschulen<\/p>\n\n\n\n<p>Veranstaltungsort: in der Schule<\/p>\n\n\n\n<p><strong>Eine finanzielle Unterst\u00fctzung durch die Jugendstiftung der Sparkasse Karlsruhe muss vor Beginn des Projekts schriftlich beantragt werden.<\/strong><\/p>\n\n\n\n<p><strong>F\u00f6rdermodalit\u00e4ten:<\/strong> PDF <a href=\"https:\/\/sparkassenstiftungen-ka.de\/jugendstiftung\/wp-content\/uploads\/sites\/2\/2023\/10\/Mein-Koerper-Foerdermodalitaeten-2022.pdf\">(Download)<\/a><\/p>\n\n\n\n<p><strong>Kontakt:<\/strong> <a href=\"mailto:stiftungen@spk-ka.de\">stiftungen@spk-ka.de<\/a><\/p>\n","protected":false},"excerpt":{"rendered":"<p>Das Projekt &#8222;Mein K\u00f6rper geh\u00f6rt mir&#8220; ist ein pr\u00e4ventives Theaterst\u00fcck, das f\u00fcr Grundsch\u00fcler der 3. und 4. Klasse entwickelt wurde. Es sensibilisiert die Kinder f\u00fcr &#8230; <a title=\"Pr\u00e4ventionstheater: \u201eMein K\u00f6rper geh\u00f6rt mir!\u201c\" class=\"read-more\" href=\"https:\/\/sparkassenstiftungen-ka.de\/jugendstiftung\/mehr-wissen\/mein-koerper-gehoert-mir\/\" aria-label=\"Mehr Informationen \u00fcber Pr\u00e4ventionstheater: \u201eMein K\u00f6rper geh\u00f6rt mir!\u201c\">Weiterlesen &#8230;<\/a><\/p>\n","protected":false},"author":2,"featured_media":2977,"parent":2935,"menu_order":0,"comment_status":"closed","ping_status":"closed","template":"","meta":{"footnotes":""},"class_list":{"0":"post-2976","1":"page","2":"type-page","3":"status-publish","4":"has-post-thumbnail","6":"resize-featured-image"},"_links":{"self":[{"href":"https:\/\/sparkassenstiftungen-ka.de\/jugendstiftung\/wp-json\/wp\/v2\/pages\/2976","targetHints":{"allow":["GET"]}}],"collection":[{"href":"https:\/\/sparkassenstiftungen-ka.de\/jugendstiftung\/wp-json\/wp\/v2\/pages"}],"about":[{"href":"https:\/\/sparkassenstiftungen-ka.de\/jugendstiftung\/wp-json\/wp\/v2\/types\/page"}],"author":[{"embeddable":true,"href":"https:\/\/sparkassenstiftungen-ka.de\/jugendstiftung\/wp-json\/wp\/v2\/users\/2"}],"replies":[{"embeddable":true,"href":"https:\/\/sparkassenstiftungen-ka.de\/jugendstiftung\/wp-json\/wp\/v2\/comments?post=2976"}],"version-history":[{"count":3,"href":"https:\/\/sparkassenstiftungen-ka.de\/jugendstiftung\/wp-json\/wp\/v2\/pages\/2976\/revisions"}],"predecessor-version":[{"id":3168,"href":"https:\/\/sparkassenstiftungen-ka.de\/jugendstiftung\/wp-json\/wp\/v2\/pages\/2976\/revisions\/3168"}],"up":[{"embeddable":true,"href":"https:\/\/sparkassenstiftungen-ka.de\/jugendstiftung\/wp-json\/wp\/v2\/pages\/2935"}],"wp:featuredmedia":[{"embeddable":true,"href":"https:\/\/sparkassenstiftungen-ka.de\/jugendstiftung\/wp-json\/wp\/v2\/media\/2977"}],"wp:attachment":[{"href":"https:\/\/sparkassenstiftungen-ka.de\/jugendstiftung\/wp-json\/wp\/v2\/media?parent=2976"}],"curies":[{"name":"wp","href":"https:\/\/api.w.org\/{rel}","templated":true}]}}