{"id":2972,"date":"2023-10-17T17:46:40","date_gmt":"2023-10-17T15:46:40","guid":{"rendered":"https:\/\/sparkassenstiftungen-ka.de\/jugendstiftung\/?page_id=2972"},"modified":"2023-10-19T08:44:04","modified_gmt":"2023-10-19T06:44:04","slug":"expertengespraeche-wirtschaftsthemen","status":"publish","type":"page","link":"https:\/\/sparkassenstiftungen-ka.de\/jugendstiftung\/mehr-wissen\/expertengespraeche-wirtschaftsthemen\/","title":{"rendered":"Expertengespr\u00e4che zu Wirtschaftsthemen"},"content":{"rendered":"\n<figure class=\"wp-block-image size-full\"><img loading=\"lazy\" decoding=\"async\" width=\"1540\" height=\"960\" src=\"https:\/\/sparkassenstiftungen-ka.de\/jugendstiftung\/wp-content\/uploads\/sites\/2\/2023\/10\/mehr-wissen-Expertengespraeche-Wirtschaftsthemen.jpg\" alt=\"Expertengespr\u00e4che zu Wirtschaftsthemen\" class=\"wp-image-2973\" srcset=\"https:\/\/sparkassenstiftungen-ka.de\/jugendstiftung\/wp-content\/uploads\/sites\/2\/2023\/10\/mehr-wissen-Expertengespraeche-Wirtschaftsthemen.jpg 1540w, https:\/\/sparkassenstiftungen-ka.de\/jugendstiftung\/wp-content\/uploads\/sites\/2\/2023\/10\/mehr-wissen-Expertengespraeche-Wirtschaftsthemen-300x187.jpg 300w, https:\/\/sparkassenstiftungen-ka.de\/jugendstiftung\/wp-content\/uploads\/sites\/2\/2023\/10\/mehr-wissen-Expertengespraeche-Wirtschaftsthemen-1024x638.jpg 1024w, https:\/\/sparkassenstiftungen-ka.de\/jugendstiftung\/wp-content\/uploads\/sites\/2\/2023\/10\/mehr-wissen-Expertengespraeche-Wirtschaftsthemen-768x479.jpg 768w, https:\/\/sparkassenstiftungen-ka.de\/jugendstiftung\/wp-content\/uploads\/sites\/2\/2023\/10\/mehr-wissen-Expertengespraeche-Wirtschaftsthemen-1536x958.jpg 1536w\" sizes=\"auto, (max-width: 1540px) 100vw, 1540px\" \/><\/figure>\n\n\n\n<h2 class=\"wp-block-heading\">Expertengespr\u00e4che zu Wirtschaftsthemen<\/h2>\n\n\n\n<p>Mit diesem speziellen Angebot f\u00fcr Kurse der gymnasialen Oberstufe mit dem Fach Wirtschaft m\u00f6chten wir den Sch\u00fclerinnen und Sch\u00fclern die Gelegenheit geben, einen praxisnahen Einblick in das Thema &#8222;Wirtschaft&#8220; zu erhalten.<\/p>\n\n\n\n<p>Experten der Sparkasse Karlsruhe kommen in Ihre Schule und stimmen die Teilnehmerinnen und Teilnehmer in einem neutralen, praxisnahen Vortrag auf das Thema ein. Anschlie\u00dfend wird auf Fragen der Sch\u00fclerinnen und Sch\u00fcler eingegangen.<\/p>\n\n\n\n<p>Die Inhalte werden im Vorfeld mit dem Fachlehrer abgestimmt.<\/p>\n\n\n\n<p><strong>Beispiele<\/strong><\/p>\n\n\n\n<ul class=\"wp-block-list\">\n<li>B\u00f6rse, Aktien und Finanzm\u00e4rkte<\/li>\n\n\n\n<li>Sparen und Anlegen: Erste Einblicke in die Geld- und Verm\u00f6gensanlage<\/li>\n\n\n\n<li>Aktien und Aktienfonds \u2013 Investieren in Sachwerte<\/li>\n\n\n\n<li>Die Euro-Schuldenkrise und die Rolle der Banken<\/li>\n<\/ul>\n\n\n\n<p>Termin: nach Absprache<br>Dauer: 2 Unterrichtsstunden<br>Veranstaltungsort: Schule<\/p>\n\n\n\n<p><strong>Terminanfragen:<\/strong><\/p>\n\n\n\n<ul class=\"wp-block-list\">\n<li>bitte per Mail an: stiftungen@spk-ka.de<\/li>\n<\/ul>\n","protected":false},"excerpt":{"rendered":"<p>Expertengespr\u00e4che zu Wirtschaftsthemen Mit diesem speziellen Angebot f\u00fcr Kurse der gymnasialen Oberstufe mit dem Fach Wirtschaft m\u00f6chten wir den Sch\u00fclerinnen und Sch\u00fclern die Gelegenheit geben, &#8230; <a title=\"Expertengespr\u00e4che zu Wirtschaftsthemen\" class=\"read-more\" href=\"https:\/\/sparkassenstiftungen-ka.de\/jugendstiftung\/mehr-wissen\/expertengespraeche-wirtschaftsthemen\/\" aria-label=\"Mehr Informationen \u00fcber Expertengespr\u00e4che zu Wirtschaftsthemen\">Weiterlesen &#8230;<\/a><\/p>\n","protected":false},"author":2,"featured_media":2973,"parent":2935,"menu_order":0,"comment_status":"closed","ping_status":"closed","template":"","meta":{"footnotes":""},"class_list":{"0":"post-2972","1":"page","2":"type-page","3":"status-publish","4":"has-post-thumbnail","6":"resize-featured-image"},"_links":{"self":[{"href":"https:\/\/sparkassenstiftungen-ka.de\/jugendstiftung\/wp-json\/wp\/v2\/pages\/2972","targetHints":{"allow":["GET"]}}],"collection":[{"href":"https:\/\/sparkassenstiftungen-ka.de\/jugendstiftung\/wp-json\/wp\/v2\/pages"}],"about":[{"href":"https:\/\/sparkassenstiftungen-ka.de\/jugendstiftung\/wp-json\/wp\/v2\/types\/page"}],"author":[{"embeddable":true,"href":"https:\/\/sparkassenstiftungen-ka.de\/jugendstiftung\/wp-json\/wp\/v2\/users\/2"}],"replies":[{"embeddable":true,"href":"https:\/\/sparkassenstiftungen-ka.de\/jugendstiftung\/wp-json\/wp\/v2\/comments?post=2972"}],"version-history":[{"count":2,"href":"https:\/\/sparkassenstiftungen-ka.de\/jugendstiftung\/wp-json\/wp\/v2\/pages\/2972\/revisions"}],"predecessor-version":[{"id":2975,"href":"https:\/\/sparkassenstiftungen-ka.de\/jugendstiftung\/wp-json\/wp\/v2\/pages\/2972\/revisions\/2975"}],"up":[{"embeddable":true,"href":"https:\/\/sparkassenstiftungen-ka.de\/jugendstiftung\/wp-json\/wp\/v2\/pages\/2935"}],"wp:featuredmedia":[{"embeddable":true,"href":"https:\/\/sparkassenstiftungen-ka.de\/jugendstiftung\/wp-json\/wp\/v2\/media\/2973"}],"wp:attachment":[{"href":"https:\/\/sparkassenstiftungen-ka.de\/jugendstiftung\/wp-json\/wp\/v2\/media?parent=2972"}],"curies":[{"name":"wp","href":"https:\/\/api.w.org\/{rel}","templated":true}]}}