{"id":2969,"date":"2023-10-17T17:44:03","date_gmt":"2023-10-17T15:44:03","guid":{"rendered":"https:\/\/sparkassenstiftungen-ka.de\/jugendstiftung\/?page_id=2969"},"modified":"2023-10-19T08:31:06","modified_gmt":"2023-10-19T06:31:06","slug":"basiswissen-finanzen","status":"publish","type":"page","link":"https:\/\/sparkassenstiftungen-ka.de\/jugendstiftung\/mehr-wissen\/basiswissen-finanzen\/","title":{"rendered":"Basiswissen Finanzen"},"content":{"rendered":"\n<figure class=\"wp-block-image size-full\"><img loading=\"lazy\" decoding=\"async\" width=\"1540\" height=\"960\" src=\"https:\/\/sparkassenstiftungen-ka.de\/jugendstiftung\/wp-content\/uploads\/sites\/2\/2023\/10\/mehr-wissen-Basiswissen-Finanzen.jpg\" alt=\"Mehr Wissen: Basiswissen Finanzen\" class=\"wp-image-2970\" srcset=\"https:\/\/sparkassenstiftungen-ka.de\/jugendstiftung\/wp-content\/uploads\/sites\/2\/2023\/10\/mehr-wissen-Basiswissen-Finanzen.jpg 1540w, https:\/\/sparkassenstiftungen-ka.de\/jugendstiftung\/wp-content\/uploads\/sites\/2\/2023\/10\/mehr-wissen-Basiswissen-Finanzen-300x187.jpg 300w, https:\/\/sparkassenstiftungen-ka.de\/jugendstiftung\/wp-content\/uploads\/sites\/2\/2023\/10\/mehr-wissen-Basiswissen-Finanzen-1024x638.jpg 1024w, https:\/\/sparkassenstiftungen-ka.de\/jugendstiftung\/wp-content\/uploads\/sites\/2\/2023\/10\/mehr-wissen-Basiswissen-Finanzen-768x479.jpg 768w, https:\/\/sparkassenstiftungen-ka.de\/jugendstiftung\/wp-content\/uploads\/sites\/2\/2023\/10\/mehr-wissen-Basiswissen-Finanzen-1536x958.jpg 1536w\" sizes=\"auto, (max-width: 1540px) 100vw, 1540px\" \/><figcaption class=\"wp-element-caption\">Mehr Wissen: Basiswissen Finanzen<\/figcaption><\/figure>\n\n\n\n<h2 class=\"wp-block-heading\">Ich setze mich mit \u00f6konomischen Grundlagen des Alltags auseinander<\/h2>\n\n\n\n<p>Die Jugendstiftung der Sparkasse Karlsruhe bietet Schulklassen aus dem Gesch\u00e4ftsgebiet der Sparkasse Karlsruhe die M\u00f6glichkeit, sich in diesem kostenlosen Seminar mit den \u00f6konomischen Grundlagen des Alltags auseinanderzusetzen.<\/p>\n\n\n\n<p>Zielgruppe: 7. und 8. Klasse<\/p>\n\n\n\n<h3 class=\"wp-block-heading\">Seminarinhalte<\/h3>\n\n\n\n<p><strong>Einnahmen und Ausgaben<\/strong><\/p>\n\n\n\n<ul class=\"wp-block-list\">\n<li>Bedeutung des Girokontos<\/li>\n\n\n\n<li>Unterschiedliche Wege f\u00fcr Bankgesch\u00e4fte<\/li>\n\n\n\n<li>Funktionsweise von Online-Banking<\/li>\n\n\n\n<li>verschiedene Geldkarten<\/li>\n<\/ul>\n\n\n\n<p><strong>Sparen und Anlegen<\/strong><\/p>\n\n\n\n<ul class=\"wp-block-list\">\n<li>Gr\u00fcnde f\u00fcr das Sparen<\/li>\n\n\n\n<li>Formen und Ziele einer Verm\u00f6gensanlage<\/li>\n\n\n\n<li>Rechtliche Grundlagen<\/li>\n<\/ul>\n\n\n\n<p>Zeitlicher Rahmen: 3 Unterrichtsstunden (Blockseminar)<br>Die Uhrzeiten werden individuell abgestimmt.<\/p>\n\n\n\n<p><strong>Lernort:<\/strong> Schule<\/p>\n\n\n\n<p><strong>Terminanfragen:<\/strong><\/p>\n\n\n\n<ul class=\"wp-block-list\">\n<li>bitte per Mail an: stiftungen@spk-ka.de<\/li>\n<\/ul>\n","protected":false},"excerpt":{"rendered":"<p>Ich setze mich mit \u00f6konomischen Grundlagen des Alltags auseinander Die Jugendstiftung der Sparkasse Karlsruhe bietet Schulklassen aus dem Gesch\u00e4ftsgebiet der Sparkasse Karlsruhe die M\u00f6glichkeit, sich &#8230; <a title=\"Basiswissen Finanzen\" class=\"read-more\" href=\"https:\/\/sparkassenstiftungen-ka.de\/jugendstiftung\/mehr-wissen\/basiswissen-finanzen\/\" aria-label=\"Mehr Informationen \u00fcber Basiswissen Finanzen\">Weiterlesen &#8230;<\/a><\/p>\n","protected":false},"author":2,"featured_media":2970,"parent":2935,"menu_order":0,"comment_status":"closed","ping_status":"closed","template":"","meta":{"footnotes":""},"class_list":{"0":"post-2969","1":"page","2":"type-page","3":"status-publish","4":"has-post-thumbnail","6":"resize-featured-image"},"_links":{"self":[{"href":"https:\/\/sparkassenstiftungen-ka.de\/jugendstiftung\/wp-json\/wp\/v2\/pages\/2969","targetHints":{"allow":["GET"]}}],"collection":[{"href":"https:\/\/sparkassenstiftungen-ka.de\/jugendstiftung\/wp-json\/wp\/v2\/pages"}],"about":[{"href":"https:\/\/sparkassenstiftungen-ka.de\/jugendstiftung\/wp-json\/wp\/v2\/types\/page"}],"author":[{"embeddable":true,"href":"https:\/\/sparkassenstiftungen-ka.de\/jugendstiftung\/wp-json\/wp\/v2\/users\/2"}],"replies":[{"embeddable":true,"href":"https:\/\/sparkassenstiftungen-ka.de\/jugendstiftung\/wp-json\/wp\/v2\/comments?post=2969"}],"version-history":[{"count":1,"href":"https:\/\/sparkassenstiftungen-ka.de\/jugendstiftung\/wp-json\/wp\/v2\/pages\/2969\/revisions"}],"predecessor-version":[{"id":2971,"href":"https:\/\/sparkassenstiftungen-ka.de\/jugendstiftung\/wp-json\/wp\/v2\/pages\/2969\/revisions\/2971"}],"up":[{"embeddable":true,"href":"https:\/\/sparkassenstiftungen-ka.de\/jugendstiftung\/wp-json\/wp\/v2\/pages\/2935"}],"wp:featuredmedia":[{"embeddable":true,"href":"https:\/\/sparkassenstiftungen-ka.de\/jugendstiftung\/wp-json\/wp\/v2\/media\/2970"}],"wp:attachment":[{"href":"https:\/\/sparkassenstiftungen-ka.de\/jugendstiftung\/wp-json\/wp\/v2\/media?parent=2969"}],"curies":[{"name":"wp","href":"https:\/\/api.w.org\/{rel}","templated":true}]}}