{"id":2935,"date":"2023-10-17T17:26:54","date_gmt":"2023-10-17T15:26:54","guid":{"rendered":"https:\/\/sparkassenstiftungen-ka.de\/jugendstiftung\/?page_id=2935"},"modified":"2023-10-19T16:44:19","modified_gmt":"2023-10-19T14:44:19","slug":"mehr-wissen","status":"publish","type":"page","link":"https:\/\/sparkassenstiftungen-ka.de\/jugendstiftung\/mehr-wissen\/","title":{"rendered":"Mehr Wissen"},"content":{"rendered":"<div class=\"gb-container gb-container-5b862072\">\n\n<h2 class=\"gb-headline gb-headline-260cbf02 gb-headline-text\">Mehr Wissen<\/h2>\n\n\n\n<p>Die Jugendstiftung der Sparkasse Karlsruhe bietet auch in diesem Schuljahr kostenfreie Seminare und Informationsveranstaltungen f\u00fcr Schulen im Gesch\u00e4ftsgebiet der Sparkasse Karlsruhe an.<\/p>\n\n\n<div class=\"gb-grid-wrapper gb-grid-wrapper-5e663e58\">\n<div class=\"gb-grid-column gb-grid-column-b08e3678\"><div class=\"gb-container gb-container-b08e3678\"><div class=\"gb-inside-container\">\n\n<div class=\"gb-grid-wrapper gb-grid-wrapper-e93e404e gb-query-loop-wrapper\">\n<div class=\"gb-grid-column gb-grid-column-6f193943 gb-query-loop-item post-2962 page type-page status-publish has-post-thumbnail\"><article class=\"gb-container gb-container-6f193943\" style=\"--background-image: url(https:\/\/sparkassenstiftungen-ka.de\/jugendstiftung\/wp-content\/uploads\/sites\/2\/2023\/10\/mehr-wissen-Bewerbertraining-768x479.jpg);\"><a class=\"gb-container-link\" href=\"https:\/\/sparkassenstiftungen-ka.de\/jugendstiftung\/mehr-wissen\/bewerbertraining\/\"><\/a><div class=\"gb-inside-container\">\n<h3 class=\"gb-headline gb-headline-9467764e gb-headline-text\"><a href=\"https:\/\/sparkassenstiftungen-ka.de\/jugendstiftung\/mehr-wissen\/bewerbertraining\/\">Bewerbertraining<\/a><\/h3>\n<\/div><\/article><\/div>\n<\/div>\n\n<\/div><\/div><\/div>\n\n<div class=\"gb-grid-column gb-grid-column-c23a5eec\"><div class=\"gb-container gb-container-c23a5eec\"><div class=\"gb-inside-container\">\n\n<div class=\"gb-grid-wrapper gb-grid-wrapper-ed93db81 gb-query-loop-wrapper\">\n<div class=\"gb-grid-column gb-grid-column-26d9cf9b gb-query-loop-item post-2972 page type-page status-publish has-post-thumbnail\"><article class=\"gb-container gb-container-26d9cf9b\" style=\"--background-image: url(https:\/\/sparkassenstiftungen-ka.de\/jugendstiftung\/wp-content\/uploads\/sites\/2\/2023\/10\/mehr-wissen-Expertengespraeche-Wirtschaftsthemen-768x479.jpg);\"><a class=\"gb-container-link\" href=\"https:\/\/sparkassenstiftungen-ka.de\/jugendstiftung\/mehr-wissen\/expertengespraeche-wirtschaftsthemen\/\"><\/a><div class=\"gb-inside-container\">\n<h4 class=\"gb-headline gb-headline-d05f786f gb-headline-text\"><a href=\"https:\/\/sparkassenstiftungen-ka.de\/jugendstiftung\/mehr-wissen\/expertengespraeche-wirtschaftsthemen\/\">Expertengespr\u00e4che zu Wirtschaftsthemen<\/a><\/h4>\n<\/div><\/article><\/div>\n\n<div class=\"gb-grid-column gb-grid-column-26d9cf9b gb-query-loop-item post-2969 page type-page status-publish has-post-thumbnail\"><article class=\"gb-container gb-container-26d9cf9b\" style=\"--background-image: url(https:\/\/sparkassenstiftungen-ka.de\/jugendstiftung\/wp-content\/uploads\/sites\/2\/2023\/10\/mehr-wissen-Basiswissen-Finanzen-768x479.jpg);\"><a class=\"gb-container-link\" href=\"https:\/\/sparkassenstiftungen-ka.de\/jugendstiftung\/mehr-wissen\/basiswissen-finanzen\/\"><\/a><div class=\"gb-inside-container\">\n<h4 class=\"gb-headline gb-headline-d05f786f gb-headline-text\"><a href=\"https:\/\/sparkassenstiftungen-ka.de\/jugendstiftung\/mehr-wissen\/basiswissen-finanzen\/\">Basiswissen Finanzen<\/a><\/h4>\n<\/div><\/article><\/div>\n\n<div class=\"gb-grid-column gb-grid-column-26d9cf9b gb-query-loop-item post-2966 page type-page status-publish has-post-thumbnail\"><article class=\"gb-container gb-container-26d9cf9b\" style=\"--background-image: url(https:\/\/sparkassenstiftungen-ka.de\/jugendstiftung\/wp-content\/uploads\/sites\/2\/2023\/10\/mehr-wissen-Schuldenpraevention-768x479.jpg);\"><a class=\"gb-container-link\" href=\"https:\/\/sparkassenstiftungen-ka.de\/jugendstiftung\/mehr-wissen\/schuldenpraevention\/\"><\/a><div class=\"gb-inside-container\">\n<h4 class=\"gb-headline gb-headline-d05f786f gb-headline-text\"><a href=\"https:\/\/sparkassenstiftungen-ka.de\/jugendstiftung\/mehr-wissen\/schuldenpraevention\/\">Schuldenpr\u00e4vention<\/a><\/h4>\n<\/div><\/article><\/div>\n\n<div class=\"gb-grid-column gb-grid-column-26d9cf9b gb-query-loop-item post-2976 page type-page status-publish has-post-thumbnail\"><article class=\"gb-container gb-container-26d9cf9b\" style=\"--background-image: url(https:\/\/sparkassenstiftungen-ka.de\/jugendstiftung\/wp-content\/uploads\/sites\/2\/2023\/10\/mein-koerper-gehoert-mir-768x479.jpg);\"><a class=\"gb-container-link\" href=\"https:\/\/sparkassenstiftungen-ka.de\/jugendstiftung\/mehr-wissen\/mein-koerper-gehoert-mir\/\"><\/a><div class=\"gb-inside-container\">\n<h4 class=\"gb-headline gb-headline-d05f786f gb-headline-text\"><a href=\"https:\/\/sparkassenstiftungen-ka.de\/jugendstiftung\/mehr-wissen\/mein-koerper-gehoert-mir\/\">Pr\u00e4ventionstheater: \u201eMein K\u00f6rper geh\u00f6rt mir!\u201c<\/a><\/h4>\n<\/div><\/article><\/div>\n<\/div>\n\n<\/div><\/div><\/div>\n<\/div>\n\n\n<h2 class=\"gb-headline gb-headline-fb6d4822 gb-headline-text\">Die Projekte im Detail<\/h2>\n\n\n\n<div class=\"gb-grid-wrapper gb-grid-wrapper-9dc591a5 gb-query-loop-wrapper\">\n<div class=\"gb-grid-column gb-grid-column-55d15109 gb-query-loop-item post-2962 page type-page status-publish has-post-thumbnail\"><div class=\"gb-container gb-container-55d15109\">\n<figure class=\"gb-block-image gb-block-image-d592533d\"><a href=\"https:\/\/sparkassenstiftungen-ka.de\/jugendstiftung\/mehr-wissen\/bewerbertraining\/\"><img loading=\"lazy\" decoding=\"async\" width=\"1540\" height=\"960\" src=\"https:\/\/sparkassenstiftungen-ka.de\/jugendstiftung\/wp-content\/uploads\/sites\/2\/2023\/10\/mehr-wissen-Bewerbertraining.jpg\" class=\"gb-image-d592533d\" alt=\"Bewerbertraining\" srcset=\"https:\/\/sparkassenstiftungen-ka.de\/jugendstiftung\/wp-content\/uploads\/sites\/2\/2023\/10\/mehr-wissen-Bewerbertraining.jpg 1540w, https:\/\/sparkassenstiftungen-ka.de\/jugendstiftung\/wp-content\/uploads\/sites\/2\/2023\/10\/mehr-wissen-Bewerbertraining-300x187.jpg 300w, https:\/\/sparkassenstiftungen-ka.de\/jugendstiftung\/wp-content\/uploads\/sites\/2\/2023\/10\/mehr-wissen-Bewerbertraining-1024x638.jpg 1024w, https:\/\/sparkassenstiftungen-ka.de\/jugendstiftung\/wp-content\/uploads\/sites\/2\/2023\/10\/mehr-wissen-Bewerbertraining-768x479.jpg 768w, https:\/\/sparkassenstiftungen-ka.de\/jugendstiftung\/wp-content\/uploads\/sites\/2\/2023\/10\/mehr-wissen-Bewerbertraining-1536x958.jpg 1536w\" sizes=\"auto, (max-width: 1540px) 100vw, 1540px\" \/><\/a><\/figure>\n\n<h2 class=\"gb-headline gb-headline-46b49b0c gb-headline-text\"><a href=\"https:\/\/sparkassenstiftungen-ka.de\/jugendstiftung\/mehr-wissen\/bewerbertraining\/\">Bewerbertraining<\/a><\/h2>\n\n<div class=\"gb-headline gb-headline-12dd70d8 gb-headline-text\">Der richtige Start in die Zukunft Die Jugendstiftung bietet Schulklassen aus dem Gesch\u00e4ftsgebiet der Sparkasse Karlsruhe die M\u00f6glichkeit, kostenlose Bewerbertrainings zu besuchen. Zielgruppe Seminarinhalte Zeitlicher &#8230; <a title=\"Bewerbertraining\" class=\"read-more\" href=\"https:\/\/sparkassenstiftungen-ka.de\/jugendstiftung\/mehr-wissen\/bewerbertraining\/\" aria-label=\"Mehr Informationen \u00fcber Bewerbertraining\">Weiterlesen &#8230;<\/a><\/div>\n<\/div><\/div>\n\n<div class=\"gb-grid-column gb-grid-column-55d15109 gb-query-loop-item post-2972 page type-page status-publish has-post-thumbnail\"><div class=\"gb-container gb-container-55d15109\">\n<figure class=\"gb-block-image gb-block-image-d592533d\"><a href=\"https:\/\/sparkassenstiftungen-ka.de\/jugendstiftung\/mehr-wissen\/expertengespraeche-wirtschaftsthemen\/\"><img loading=\"lazy\" decoding=\"async\" width=\"1540\" height=\"960\" src=\"https:\/\/sparkassenstiftungen-ka.de\/jugendstiftung\/wp-content\/uploads\/sites\/2\/2023\/10\/mehr-wissen-Expertengespraeche-Wirtschaftsthemen.jpg\" class=\"gb-image-d592533d\" alt=\"Expertengespr\u00e4che zu Wirtschaftsthemen\" srcset=\"https:\/\/sparkassenstiftungen-ka.de\/jugendstiftung\/wp-content\/uploads\/sites\/2\/2023\/10\/mehr-wissen-Expertengespraeche-Wirtschaftsthemen.jpg 1540w, https:\/\/sparkassenstiftungen-ka.de\/jugendstiftung\/wp-content\/uploads\/sites\/2\/2023\/10\/mehr-wissen-Expertengespraeche-Wirtschaftsthemen-300x187.jpg 300w, https:\/\/sparkassenstiftungen-ka.de\/jugendstiftung\/wp-content\/uploads\/sites\/2\/2023\/10\/mehr-wissen-Expertengespraeche-Wirtschaftsthemen-1024x638.jpg 1024w, https:\/\/sparkassenstiftungen-ka.de\/jugendstiftung\/wp-content\/uploads\/sites\/2\/2023\/10\/mehr-wissen-Expertengespraeche-Wirtschaftsthemen-768x479.jpg 768w, https:\/\/sparkassenstiftungen-ka.de\/jugendstiftung\/wp-content\/uploads\/sites\/2\/2023\/10\/mehr-wissen-Expertengespraeche-Wirtschaftsthemen-1536x958.jpg 1536w\" sizes=\"auto, (max-width: 1540px) 100vw, 1540px\" \/><\/a><\/figure>\n\n<h2 class=\"gb-headline gb-headline-46b49b0c gb-headline-text\"><a href=\"https:\/\/sparkassenstiftungen-ka.de\/jugendstiftung\/mehr-wissen\/expertengespraeche-wirtschaftsthemen\/\">Expertengespr\u00e4che zu Wirtschaftsthemen<\/a><\/h2>\n\n<div class=\"gb-headline gb-headline-12dd70d8 gb-headline-text\">Expertengespr\u00e4che zu Wirtschaftsthemen Mit diesem speziellen Angebot f\u00fcr Kurse der gymnasialen Oberstufe mit dem Fach Wirtschaft m\u00f6chten wir den Sch\u00fclerinnen und Sch\u00fclern die Gelegenheit geben, &#8230; <a title=\"Expertengespr\u00e4che zu Wirtschaftsthemen\" class=\"read-more\" href=\"https:\/\/sparkassenstiftungen-ka.de\/jugendstiftung\/mehr-wissen\/expertengespraeche-wirtschaftsthemen\/\" aria-label=\"Mehr Informationen \u00fcber Expertengespr\u00e4che zu Wirtschaftsthemen\">Weiterlesen &#8230;<\/a><\/div>\n<\/div><\/div>\n\n<div class=\"gb-grid-column gb-grid-column-55d15109 gb-query-loop-item post-2969 page type-page status-publish has-post-thumbnail\"><div class=\"gb-container gb-container-55d15109\">\n<figure class=\"gb-block-image gb-block-image-d592533d\"><a href=\"https:\/\/sparkassenstiftungen-ka.de\/jugendstiftung\/mehr-wissen\/basiswissen-finanzen\/\"><img loading=\"lazy\" decoding=\"async\" width=\"1540\" height=\"960\" src=\"https:\/\/sparkassenstiftungen-ka.de\/jugendstiftung\/wp-content\/uploads\/sites\/2\/2023\/10\/mehr-wissen-Basiswissen-Finanzen.jpg\" class=\"gb-image-d592533d\" alt=\"Mehr Wissen: Basiswissen Finanzen\" srcset=\"https:\/\/sparkassenstiftungen-ka.de\/jugendstiftung\/wp-content\/uploads\/sites\/2\/2023\/10\/mehr-wissen-Basiswissen-Finanzen.jpg 1540w, https:\/\/sparkassenstiftungen-ka.de\/jugendstiftung\/wp-content\/uploads\/sites\/2\/2023\/10\/mehr-wissen-Basiswissen-Finanzen-300x187.jpg 300w, https:\/\/sparkassenstiftungen-ka.de\/jugendstiftung\/wp-content\/uploads\/sites\/2\/2023\/10\/mehr-wissen-Basiswissen-Finanzen-1024x638.jpg 1024w, https:\/\/sparkassenstiftungen-ka.de\/jugendstiftung\/wp-content\/uploads\/sites\/2\/2023\/10\/mehr-wissen-Basiswissen-Finanzen-768x479.jpg 768w, https:\/\/sparkassenstiftungen-ka.de\/jugendstiftung\/wp-content\/uploads\/sites\/2\/2023\/10\/mehr-wissen-Basiswissen-Finanzen-1536x958.jpg 1536w\" sizes=\"auto, (max-width: 1540px) 100vw, 1540px\" \/><\/a><\/figure>\n\n<h2 class=\"gb-headline gb-headline-46b49b0c gb-headline-text\"><a href=\"https:\/\/sparkassenstiftungen-ka.de\/jugendstiftung\/mehr-wissen\/basiswissen-finanzen\/\">Basiswissen Finanzen<\/a><\/h2>\n\n<div class=\"gb-headline gb-headline-12dd70d8 gb-headline-text\">Ich setze mich mit \u00f6konomischen Grundlagen des Alltags auseinander Die Jugendstiftung der Sparkasse Karlsruhe bietet Schulklassen aus dem Gesch\u00e4ftsgebiet der Sparkasse Karlsruhe die M\u00f6glichkeit, sich &#8230; <a title=\"Basiswissen Finanzen\" class=\"read-more\" href=\"https:\/\/sparkassenstiftungen-ka.de\/jugendstiftung\/mehr-wissen\/basiswissen-finanzen\/\" aria-label=\"Mehr Informationen \u00fcber Basiswissen Finanzen\">Weiterlesen &#8230;<\/a><\/div>\n<\/div><\/div>\n\n<div class=\"gb-grid-column gb-grid-column-55d15109 gb-query-loop-item post-2966 page type-page status-publish has-post-thumbnail\"><div class=\"gb-container gb-container-55d15109\">\n<figure class=\"gb-block-image gb-block-image-d592533d\"><a href=\"https:\/\/sparkassenstiftungen-ka.de\/jugendstiftung\/mehr-wissen\/schuldenpraevention\/\"><img loading=\"lazy\" decoding=\"async\" width=\"1540\" height=\"960\" src=\"https:\/\/sparkassenstiftungen-ka.de\/jugendstiftung\/wp-content\/uploads\/sites\/2\/2023\/10\/mehr-wissen-Schuldenpraevention.jpg\" class=\"gb-image-d592533d\" alt=\"Mehr Wissen: Schuldenpr\u00e4vention\" srcset=\"https:\/\/sparkassenstiftungen-ka.de\/jugendstiftung\/wp-content\/uploads\/sites\/2\/2023\/10\/mehr-wissen-Schuldenpraevention.jpg 1540w, https:\/\/sparkassenstiftungen-ka.de\/jugendstiftung\/wp-content\/uploads\/sites\/2\/2023\/10\/mehr-wissen-Schuldenpraevention-300x187.jpg 300w, https:\/\/sparkassenstiftungen-ka.de\/jugendstiftung\/wp-content\/uploads\/sites\/2\/2023\/10\/mehr-wissen-Schuldenpraevention-1024x638.jpg 1024w, https:\/\/sparkassenstiftungen-ka.de\/jugendstiftung\/wp-content\/uploads\/sites\/2\/2023\/10\/mehr-wissen-Schuldenpraevention-768x479.jpg 768w, https:\/\/sparkassenstiftungen-ka.de\/jugendstiftung\/wp-content\/uploads\/sites\/2\/2023\/10\/mehr-wissen-Schuldenpraevention-1536x958.jpg 1536w\" sizes=\"auto, (max-width: 1540px) 100vw, 1540px\" \/><\/a><\/figure>\n\n<h2 class=\"gb-headline gb-headline-46b49b0c gb-headline-text\"><a href=\"https:\/\/sparkassenstiftungen-ka.de\/jugendstiftung\/mehr-wissen\/schuldenpraevention\/\">Schuldenpr\u00e4vention<\/a><\/h2>\n\n<div class=\"gb-headline gb-headline-12dd70d8 gb-headline-text\">Ich hinterfrage mein wirtschaftliches Handeln Die Jugendstiftung der Sparkasse Karlsruhe bietet Schulklassen aus dem Gesch\u00e4ftsgebiet der Sparkasse Karlsruhe die M\u00f6glichkeit, sich in diesem kostenlosen Seminar &#8230; <a title=\"Schuldenpr\u00e4vention\" class=\"read-more\" href=\"https:\/\/sparkassenstiftungen-ka.de\/jugendstiftung\/mehr-wissen\/schuldenpraevention\/\" aria-label=\"Mehr Informationen \u00fcber Schuldenpr\u00e4vention\">Weiterlesen &#8230;<\/a><\/div>\n<\/div><\/div>\n\n<div class=\"gb-grid-column gb-grid-column-55d15109 gb-query-loop-item post-2976 page type-page status-publish has-post-thumbnail\"><div class=\"gb-container gb-container-55d15109\">\n<figure class=\"gb-block-image gb-block-image-d592533d\"><a href=\"https:\/\/sparkassenstiftungen-ka.de\/jugendstiftung\/mehr-wissen\/mein-koerper-gehoert-mir\/\"><img loading=\"lazy\" decoding=\"async\" width=\"1539\" height=\"960\" src=\"https:\/\/sparkassenstiftungen-ka.de\/jugendstiftung\/wp-content\/uploads\/sites\/2\/2023\/10\/mein-koerper-gehoert-mir.jpg\" class=\"gb-image-d592533d\" alt=\"Pr\u00e4ventionstheater: &quot;Mein K\u00f6rper geh\u00f6rt mir!&quot;\" srcset=\"https:\/\/sparkassenstiftungen-ka.de\/jugendstiftung\/wp-content\/uploads\/sites\/2\/2023\/10\/mein-koerper-gehoert-mir.jpg 1539w, https:\/\/sparkassenstiftungen-ka.de\/jugendstiftung\/wp-content\/uploads\/sites\/2\/2023\/10\/mein-koerper-gehoert-mir-300x187.jpg 300w, https:\/\/sparkassenstiftungen-ka.de\/jugendstiftung\/wp-content\/uploads\/sites\/2\/2023\/10\/mein-koerper-gehoert-mir-1024x639.jpg 1024w, https:\/\/sparkassenstiftungen-ka.de\/jugendstiftung\/wp-content\/uploads\/sites\/2\/2023\/10\/mein-koerper-gehoert-mir-768x479.jpg 768w, https:\/\/sparkassenstiftungen-ka.de\/jugendstiftung\/wp-content\/uploads\/sites\/2\/2023\/10\/mein-koerper-gehoert-mir-1536x958.jpg 1536w\" sizes=\"auto, (max-width: 1539px) 100vw, 1539px\" \/><\/a><\/figure>\n\n<h2 class=\"gb-headline gb-headline-46b49b0c gb-headline-text\"><a href=\"https:\/\/sparkassenstiftungen-ka.de\/jugendstiftung\/mehr-wissen\/mein-koerper-gehoert-mir\/\">Pr\u00e4ventionstheater: \u201eMein K\u00f6rper geh\u00f6rt mir!\u201c<\/a><\/h2>\n\n<div class=\"gb-headline gb-headline-12dd70d8 gb-headline-text\">Das Projekt &#8222;Mein K\u00f6rper geh\u00f6rt mir&#8220; ist ein pr\u00e4ventives Theaterst\u00fcck, das f\u00fcr Grundsch\u00fcler der 3. und 4. Klasse entwickelt wurde. Es sensibilisiert die Kinder f\u00fcr &#8230; <a title=\"Pr\u00e4ventionstheater: \u201eMein K\u00f6rper geh\u00f6rt mir!\u201c\" class=\"read-more\" href=\"https:\/\/sparkassenstiftungen-ka.de\/jugendstiftung\/mehr-wissen\/mein-koerper-gehoert-mir\/\" aria-label=\"Mehr Informationen \u00fcber Pr\u00e4ventionstheater: \u201eMein K\u00f6rper geh\u00f6rt mir!\u201c\">Weiterlesen &#8230;<\/a><\/div>\n<\/div><\/div>\n<\/div>\n\n<\/div>","protected":false},"excerpt":{"rendered":"<p>Mehr Wissen Die Jugendstiftung der Sparkasse Karlsruhe bietet auch in diesem Schuljahr kostenfreie Seminare und Informationsveranstaltungen f\u00fcr Schulen im Gesch\u00e4ftsgebiet der Sparkasse Karlsruhe an. Die &#8230; <a title=\"Mehr Wissen\" class=\"read-more\" href=\"https:\/\/sparkassenstiftungen-ka.de\/jugendstiftung\/mehr-wissen\/\" aria-label=\"Mehr Informationen \u00fcber Mehr Wissen\">Weiterlesen &#8230;<\/a><\/p>\n","protected":false},"author":2,"featured_media":0,"parent":0,"menu_order":0,"comment_status":"closed","ping_status":"closed","template":"","meta":{"footnotes":""},"class_list":["post-2935","page","type-page","status-publish"],"_links":{"self":[{"href":"https:\/\/sparkassenstiftungen-ka.de\/jugendstiftung\/wp-json\/wp\/v2\/pages\/2935","targetHints":{"allow":["GET"]}}],"collection":[{"href":"https:\/\/sparkassenstiftungen-ka.de\/jugendstiftung\/wp-json\/wp\/v2\/pages"}],"about":[{"href":"https:\/\/sparkassenstiftungen-ka.de\/jugendstiftung\/wp-json\/wp\/v2\/types\/page"}],"author":[{"embeddable":true,"href":"https:\/\/sparkassenstiftungen-ka.de\/jugendstiftung\/wp-json\/wp\/v2\/users\/2"}],"replies":[{"embeddable":true,"href":"https:\/\/sparkassenstiftungen-ka.de\/jugendstiftung\/wp-json\/wp\/v2\/comments?post=2935"}],"version-history":[{"count":32,"href":"https:\/\/sparkassenstiftungen-ka.de\/jugendstiftung\/wp-json\/wp\/v2\/pages\/2935\/revisions"}],"predecessor-version":[{"id":3319,"href":"https:\/\/sparkassenstiftungen-ka.de\/jugendstiftung\/wp-json\/wp\/v2\/pages\/2935\/revisions\/3319"}],"wp:attachment":[{"href":"https:\/\/sparkassenstiftungen-ka.de\/jugendstiftung\/wp-json\/wp\/v2\/media?parent=2935"}],"curies":[{"name":"wp","href":"https:\/\/api.w.org\/{rel}","templated":true}]}}