{"id":2893,"date":"2023-10-16T16:14:55","date_gmt":"2023-10-16T14:14:55","guid":{"rendered":"https:\/\/sparkassenstiftungen-ka.de\/jugendstiftung\/?page_id=2893"},"modified":"2024-05-16T17:07:15","modified_gmt":"2024-05-16T15:07:15","slug":"startseite","status":"publish","type":"page","link":"https:\/\/sparkassenstiftungen-ka.de\/jugendstiftung\/","title":{"rendered":"Startseite"},"content":{"rendered":"\n<p>Die Jugendstiftung der Sparkasse Karlsruhe wurde im September 1985 gegr\u00fcndet. Ihr Ziel ist es, die Kinder und Jugendlichen im Gesch\u00e4ftsgebiet der Sparkasse in sportlichen, kulturellen und sozialen Bereichen zu f\u00f6rdern. Gepr\u00e4gt ist ihre T\u00e4tigkeit seit Beginn durch einzelne, schwerpunktm\u00e4\u00dfige Projekte.<\/p>\n","protected":false},"excerpt":{"rendered":"<p>Die Jugendstiftung der Sparkasse Karlsruhe wurde im September 1985 gegr\u00fcndet. Ihr Ziel ist es, die Kinder und Jugendlichen im Gesch\u00e4ftsgebiet der Sparkasse in sportlichen, kulturellen &#8230; <a title=\"Startseite\" class=\"read-more\" href=\"https:\/\/sparkassenstiftungen-ka.de\/jugendstiftung\/\" aria-label=\"Mehr Informationen \u00fcber Startseite\">Weiterlesen &#8230;<\/a><\/p>\n","protected":false},"author":1,"featured_media":0,"parent":0,"menu_order":0,"comment_status":"closed","ping_status":"closed","template":"","meta":{"footnotes":""},"class_list":["post-2893","page","type-page","status-publish"],"_links":{"self":[{"href":"https:\/\/sparkassenstiftungen-ka.de\/jugendstiftung\/wp-json\/wp\/v2\/pages\/2893","targetHints":{"allow":["GET"]}}],"collection":[{"href":"https:\/\/sparkassenstiftungen-ka.de\/jugendstiftung\/wp-json\/wp\/v2\/pages"}],"about":[{"href":"https:\/\/sparkassenstiftungen-ka.de\/jugendstiftung\/wp-json\/wp\/v2\/types\/page"}],"author":[{"embeddable":true,"href":"https:\/\/sparkassenstiftungen-ka.de\/jugendstiftung\/wp-json\/wp\/v2\/users\/1"}],"replies":[{"embeddable":true,"href":"https:\/\/sparkassenstiftungen-ka.de\/jugendstiftung\/wp-json\/wp\/v2\/comments?post=2893"}],"version-history":[{"count":9,"href":"https:\/\/sparkassenstiftungen-ka.de\/jugendstiftung\/wp-json\/wp\/v2\/pages\/2893\/revisions"}],"predecessor-version":[{"id":3459,"href":"https:\/\/sparkassenstiftungen-ka.de\/jugendstiftung\/wp-json\/wp\/v2\/pages\/2893\/revisions\/3459"}],"wp:attachment":[{"href":"https:\/\/sparkassenstiftungen-ka.de\/jugendstiftung\/wp-json\/wp\/v2\/media?parent=2893"}],"curies":[{"name":"wp","href":"https:\/\/api.w.org\/{rel}","templated":true}]}}